{"id":2274,"date":"2026-02-01T21:02:55","date_gmt":"2026-02-01T21:02:55","guid":{"rendered":"https:\/\/studioelizarojas.com\/?post_type=product&#038;p=2274"},"modified":"2026-02-01T21:23:46","modified_gmt":"2026-02-01T21:23:46","slug":"dominando-el-marketplace-la-guia-definitiva-para-ventas-organicas","status":"publish","type":"product","link":"https:\/\/studioelizarojas.com\/en\/product\/dominando-el-marketplace-la-guia-definitiva-para-ventas-organicas\/","title":{"rendered":"Dominando el Marketplace: La Gu\u00eda Definitiva para Ventas Org\u00e1nicas"},"content":{"rendered":"","protected":false},"excerpt":{"rendered":"<p class=\"p1\"><span class=\"s1\">\u00bfSientes que para vender online necesitas invertir fortunas en anuncios que no garantizan resultados? <strong>\u00bfHas intentado vender en Marketplace <\/strong>pero solo atraes curiosos o te preocupa tu seguridad?<\/span><\/p>\n<p class=\"p1\"><span class=\"s1\">No es tu culpa, es que nadie te ha <strong>ense\u00f1ado la estrategia correcta<\/strong>. Hasta ahora.<\/span><\/p>\n<p class=\"p1\"><span class=\"s2\">\u201c<strong>Dominando el Marketplace<\/strong>\u201d<\/span><span class=\"s1\"> no es un libro de teor\u00eda. Es el manual pr\u00e1ctico creado por <\/span><span class=\"s2\">Elisa Rojas Berm\u00fadez<\/span><span class=\"s1\">, donde condensa su experiencia real vendiendo productos de manera constante sin invertir una fortuna en publicidad.<\/span><\/p>\n<p class=\"p1\"><strong><span class=\"s2\">Lo que lograr\u00e1s con esta gu\u00eda:<\/span><\/strong><\/p>\n<p class=\"p3\"><span class=\"s1\">\u2022 \ud83d\ude80 <\/span><strong><span class=\"s2\">Ventas 100% Org\u00e1nicas:<\/span><\/strong><span class=\"s1\"> Aprende el m\u00e9todo para posicionar tus productos en los primeros lugares del buscador.<\/span><\/p>\n<p class=\"p3\"><span class=\"s1\">\u2022 \ud83d\udee1\ufe0f <\/span><strong><span class=\"s2\">Seguridad Blindada:<\/span><\/strong><span class=\"s1\"> Mis protocolos y pol\u00edticas de seguridad para que vendas con tranquilidad total.<\/span><\/p>\n<p class=\"p3\"><span class=\"s1\">\u2022 \ud83d\udcf8 <\/span><strong><span class=\"s2\">Estrategia Visual:<\/span><\/strong><span class=\"s1\"> C\u00f3mo tomar fotos que vendan solas (sin necesidad de equipos costosos).<\/span><\/p>\n<p class=\"p3\"><span class=\"s1\">\u2022 \u2b50 <\/span><strong><span class=\"s2\">Reputaci\u00f3n de Acero:<\/span><\/strong><span class=\"s1\"> Psicolog\u00eda de ventas para convertir a clientes fr\u00edos en fans que te dejan 5 estrellas.<\/span><\/p>\n<p class=\"p1\"><strong><span class=\"s2\">\u00bfPara qui\u00e9n es esta gu\u00eda?<\/span><\/strong><\/p>\n<p class=\"p1\"><span class=\"s1\">Para emprendedores, due\u00f1os de negocio y visionarios que quieren dejar de perseguir clientes y empezar a atraerlos.<\/span><\/p>\n<p class=\"p1\"><em><strong><span class=\"s1\">Gu\u00eda 100% pr\u00e1ctica, disponible en formato PDF descarga inmediata<\/span><\/strong><\/em><\/p>","protected":false},"featured_media":2276,"comment_status":"open","ping_status":"closed","template":"","meta":{"_monsterinsights_skip_tracking":false,"_monsterinsights_sitenote_active":false,"_monsterinsights_sitenote_note":"","_monsterinsights_sitenote_category":0,"site-sidebar-layout":"default","site-content-layout":"","ast-site-content-layout":"default","site-content-style":"default","site-sidebar-style":"default","ast-global-header-display":"","ast-banner-title-visibility":"","ast-main-header-display":"","ast-hfb-above-header-display":"","ast-hfb-below-header-display":"","ast-hfb-mobile-header-display":"","site-post-title":"","ast-breadcrumbs-content":"","ast-featured-img":"","footer-sml-layout":"","ast-disable-related-posts":"","theme-transparent-header-meta":"default","adv-header-id-meta":"","stick-header-meta":"","header-above-stick-meta":"","header-main-stick-meta":"","header-below-stick-meta":"","astra-migrate-meta-layouts":"set","ast-page-background-enabled":"default","ast-page-background-meta":{"desktop":{"background-color":"var(--ast-global-color-5)","background-image":"","background-repeat":"repeat","background-position":"center center","background-size":"auto","background-attachment":"scroll","background-type":"","background-media":"","overlay-type":"","overlay-color":"","overlay-opacity":"","overlay-gradient":""},"tablet":{"background-color":"","background-image":"","background-repeat":"repeat","background-position":"center center","background-size":"auto","background-attachment":"scroll","background-type":"","background-media":"","overlay-type":"","overlay-color":"","overlay-opacity":"","overlay-gradient":""},"mobile":{"background-color":"","background-image":"","background-repeat":"repeat","background-position":"center center","background-size":"auto","background-attachment":"scroll","background-type":"","background-media":"","overlay-type":"","overlay-color":"","overlay-opacity":"","overlay-gradient":""}},"ast-content-background-meta":{"desktop":{"background-color":"var(--ast-global-color-4)","background-image":"","background-repeat":"repeat","background-position":"center center","background-size":"auto","background-attachment":"scroll","background-type":"","background-media":"","overlay-type":"","overlay-color":"","overlay-opacity":"","overlay-gradient":""},"tablet":{"background-color":"var(--ast-global-color-4)","background-image":"","background-repeat":"repeat","background-position":"center center","background-size":"auto","background-attachment":"scroll","background-type":"","background-media":"","overlay-type":"","overlay-color":"","overlay-opacity":"","overlay-gradient":""},"mobile":{"background-color":"var(--ast-global-color-4)","background-image":"","background-repeat":"repeat","background-position":"center center","background-size":"auto","background-attachment":"scroll","background-type":"","background-media":"","overlay-type":"","overlay-color":"","overlay-opacity":"","overlay-gradient":""}},"_joinchat":[]},"product_brand":[],"product_cat":[46,36,26],"product_tag":[],"class_list":{"0":"post-2274","1":"product","2":"type-product","3":"status-publish","4":"has-post-thumbnail","6":"product_cat-libros","7":"product_cat-marketing-digital","8":"product_cat-social-media","9":"desktop-align-left","10":"tablet-align-left","11":"mobile-align-left","13":"first","14":"instock","15":"downloadable","16":"taxable","17":"shipping-taxable","18":"purchasable","19":"product-type-simple"},"yoast_head":"<!-- This site is optimized with the Yoast SEO Premium plugin v26.2 (Yoast SEO v26.2) - https:\/\/yoast.com\/wordpress\/plugins\/seo\/ -->\n<title>Dominando el Marketplace: La Gu\u00eda Definitiva para Ventas Org\u00e1nicas - Eliza Rojas Studio<\/title>\n<meta name=\"description\" content=\"-\" \/>\n<meta name=\"robots\" content=\"index, follow, max-snippet:-1, max-image-preview:large, max-video-preview:-1\" \/>\n<link rel=\"canonical\" href=\"https:\/\/studioelizarojas.com\/en\/product\/dominando-el-marketplace-la-guia-definitiva-para-ventas-organicas\/\" \/>\n<meta property=\"og:locale\" content=\"en_US\" \/>\n<meta property=\"og:type\" content=\"article\" \/>\n<meta property=\"og:title\" content=\"Dominando el Marketplace: La Gu\u00eda Definitiva para Ventas Org\u00e1nicas\" \/>\n<meta property=\"og:description\" content=\"Eliza Rojas Studio\" \/>\n<meta property=\"og:url\" content=\"https:\/\/studioelizarojas.com\/en\/product\/dominando-el-marketplace-la-guia-definitiva-para-ventas-organicas\/\" \/>\n<meta property=\"og:site_name\" content=\"Eliza Rojas Studio\" \/>\n<meta property=\"article:publisher\" content=\"https:\/\/www.facebook.com\/share\/r\/15et6XLyN1\/\" \/>\n<meta property=\"article:modified_time\" content=\"2026-02-01T21:23:46+00:00\" \/>\n<meta property=\"og:image\" content=\"https:\/\/studioelizarojas.com\/wp-content\/uploads\/2026\/02\/IMG_2085-837x1024.png\" \/>\n\t<meta property=\"og:image:width\" content=\"837\" \/>\n\t<meta property=\"og:image:height\" content=\"1024\" \/>\n\t<meta property=\"og:image:type\" content=\"image\/png\" \/>\n<meta name=\"twitter:card\" content=\"summary_large_image\" \/>\n<meta name=\"twitter:label1\" content=\"Est. reading time\" \/>\n\t<meta name=\"twitter:data1\" content=\"1 minute\" \/>\n<script type=\"application\/ld+json\" class=\"yoast-schema-graph\">{\"@context\":\"https:\/\/schema.org\",\"@graph\":[{\"@type\":\"WebPage\",\"@id\":\"https:\/\/studioelizarojas.com\/product\/dominando-el-marketplace-la-guia-definitiva-para-ventas-organicas\/\",\"url\":\"https:\/\/studioelizarojas.com\/product\/dominando-el-marketplace-la-guia-definitiva-para-ventas-organicas\/\",\"name\":\"Dominando el Marketplace: La Gu\u00eda Definitiva para Ventas Org\u00e1nicas - Eliza Rojas Studio\",\"isPartOf\":{\"@id\":\"https:\/\/studioelizarojas.com\/#website\"},\"primaryImageOfPage\":{\"@id\":\"https:\/\/studioelizarojas.com\/product\/dominando-el-marketplace-la-guia-definitiva-para-ventas-organicas\/#primaryimage\"},\"image\":{\"@id\":\"https:\/\/studioelizarojas.com\/product\/dominando-el-marketplace-la-guia-definitiva-para-ventas-organicas\/#primaryimage\"},\"thumbnailUrl\":\"https:\/\/studioelizarojas.com\/wp-content\/uploads\/2026\/02\/IMG_2085.png\",\"datePublished\":\"2026-02-01T21:02:55+00:00\",\"dateModified\":\"2026-02-01T21:23:46+00:00\",\"description\":\"-\",\"breadcrumb\":{\"@id\":\"https:\/\/studioelizarojas.com\/product\/dominando-el-marketplace-la-guia-definitiva-para-ventas-organicas\/#breadcrumb\"},\"inLanguage\":\"en-US\",\"potentialAction\":[{\"@type\":\"ReadAction\",\"target\":[\"https:\/\/studioelizarojas.com\/product\/dominando-el-marketplace-la-guia-definitiva-para-ventas-organicas\/\"]}]},{\"@type\":\"ImageObject\",\"inLanguage\":\"en-US\",\"@id\":\"https:\/\/studioelizarojas.com\/product\/dominando-el-marketplace-la-guia-definitiva-para-ventas-organicas\/#primaryimage\",\"url\":\"https:\/\/studioelizarojas.com\/wp-content\/uploads\/2026\/02\/IMG_2085.png\",\"contentUrl\":\"https:\/\/studioelizarojas.com\/wp-content\/uploads\/2026\/02\/IMG_2085.png\",\"width\":1673,\"height\":2048},{\"@type\":\"BreadcrumbList\",\"@id\":\"https:\/\/studioelizarojas.com\/product\/dominando-el-marketplace-la-guia-definitiva-para-ventas-organicas\/#breadcrumb\",\"itemListElement\":[{\"@type\":\"ListItem\",\"position\":1,\"name\":\"Portada\",\"item\":\"https:\/\/studioelizarojas.com\/\"},{\"@type\":\"ListItem\",\"position\":2,\"name\":\"Nuestra Tienda\",\"item\":\"https:\/\/studioelizarojas.com\/shop\/\"},{\"@type\":\"ListItem\",\"position\":3,\"name\":\"Dominando el Marketplace: La Gu\u00eda Definitiva para Ventas Org\u00e1nicas\"}]},{\"@type\":\"WebSite\",\"@id\":\"https:\/\/studioelizarojas.com\/#website\",\"url\":\"https:\/\/studioelizarojas.com\/\",\"name\":\"Eliza Rojas Studio\",\"description\":\"Somos un estudio creativo dedicado a desarrollar productos \u00fanicos que inspiran y conectan.\",\"publisher\":{\"@id\":\"https:\/\/studioelizarojas.com\/#organization\"},\"alternateName\":\"Studio Eliza Rojas\",\"potentialAction\":[{\"@type\":\"SearchAction\",\"target\":{\"@type\":\"EntryPoint\",\"urlTemplate\":\"https:\/\/studioelizarojas.com\/?s={search_term_string}\"},\"query-input\":{\"@type\":\"PropertyValueSpecification\",\"valueRequired\":true,\"valueName\":\"search_term_string\"}}],\"inLanguage\":\"en-US\"},{\"@type\":\"Organization\",\"@id\":\"https:\/\/studioelizarojas.com\/#organization\",\"name\":\"Eliza Rojas Studio\",\"alternateName\":\"Studio Eliza Rojas\",\"url\":\"https:\/\/studioelizarojas.com\/\",\"logo\":{\"@type\":\"ImageObject\",\"inLanguage\":\"en-US\",\"@id\":\"https:\/\/studioelizarojas.com\/#\/schema\/logo\/image\/\",\"url\":\"https:\/\/studioelizarojas.com\/wp-content\/uploads\/2024\/11\/Eliza-Rojas-2-e1733407528252.png\",\"contentUrl\":\"https:\/\/studioelizarojas.com\/wp-content\/uploads\/2024\/11\/Eliza-Rojas-2-e1733407528252.png\",\"width\":300,\"height\":236,\"caption\":\"Eliza Rojas Studio\"},\"image\":{\"@id\":\"https:\/\/studioelizarojas.com\/#\/schema\/logo\/image\/\"},\"sameAs\":[\"https:\/\/www.facebook.com\/share\/r\/15et6XLyN1\/\",\"https:\/\/www.instagram.com\/studioelizarojas\/\",\"https:\/\/www.tiktok.com\/@studioelizarojas\"],\"description\":\"En Eliza Rojas Studio, no solo dise\u00f1amos estrategias personalizadas para que tu negocio crezca y destaque en el mercado, tambi\u00e9n somos un estudio creativo dedicado a desarrollar productos \u00fanicos que inspiran y conectan.\",\"email\":\"info@studioelizarojas.com\",\"telephone\":\"04125978662\",\"legalName\":\"Eliza Rojas Studio\",\"foundingDate\":\"2017-09-23\",\"vatID\":\"27725861-0\",\"numberOfEmployees\":{\"@type\":\"QuantitativeValue\",\"minValue\":\"1\",\"maxValue\":\"10\"},\"publishingPrinciples\":\"https:\/\/studioelizarojas.com\/\",\"actionableFeedbackPolicy\":\"https:\/\/studioelizarojas.com\/shop\/\"}]}<\/script>\n<!-- \/ Yoast SEO Premium plugin. -->","yoast_head_json":{"title":"Dominando el Marketplace: La Gu\u00eda Definitiva para Ventas Org\u00e1nicas - Eliza Rojas Studio","description":"-","robots":{"index":"index","follow":"follow","max-snippet":"max-snippet:-1","max-image-preview":"max-image-preview:large","max-video-preview":"max-video-preview:-1"},"canonical":"https:\/\/studioelizarojas.com\/en\/product\/dominando-el-marketplace-la-guia-definitiva-para-ventas-organicas\/","og_locale":"en_US","og_type":"article","og_title":"Dominando el Marketplace: La Gu\u00eda Definitiva para Ventas Org\u00e1nicas","og_description":"Eliza Rojas Studio","og_url":"https:\/\/studioelizarojas.com\/en\/product\/dominando-el-marketplace-la-guia-definitiva-para-ventas-organicas\/","og_site_name":"Eliza Rojas Studio","article_publisher":"https:\/\/www.facebook.com\/share\/r\/15et6XLyN1\/","article_modified_time":"2026-02-01T21:23:46+00:00","og_image":[{"width":837,"height":1024,"url":"https:\/\/studioelizarojas.com\/wp-content\/uploads\/2026\/02\/IMG_2085-837x1024.png","type":"image\/png"}],"twitter_card":"summary_large_image","twitter_misc":{"Est. reading time":"1 minute"},"schema":{"@context":"https:\/\/schema.org","@graph":[{"@type":"WebPage","@id":"https:\/\/studioelizarojas.com\/product\/dominando-el-marketplace-la-guia-definitiva-para-ventas-organicas\/","url":"https:\/\/studioelizarojas.com\/product\/dominando-el-marketplace-la-guia-definitiva-para-ventas-organicas\/","name":"Dominando el Marketplace: La Gu\u00eda Definitiva para Ventas Org\u00e1nicas - Eliza Rojas Studio","isPartOf":{"@id":"https:\/\/studioelizarojas.com\/#website"},"primaryImageOfPage":{"@id":"https:\/\/studioelizarojas.com\/product\/dominando-el-marketplace-la-guia-definitiva-para-ventas-organicas\/#primaryimage"},"image":{"@id":"https:\/\/studioelizarojas.com\/product\/dominando-el-marketplace-la-guia-definitiva-para-ventas-organicas\/#primaryimage"},"thumbnailUrl":"https:\/\/studioelizarojas.com\/wp-content\/uploads\/2026\/02\/IMG_2085.png","datePublished":"2026-02-01T21:02:55+00:00","dateModified":"2026-02-01T21:23:46+00:00","description":"-","breadcrumb":{"@id":"https:\/\/studioelizarojas.com\/product\/dominando-el-marketplace-la-guia-definitiva-para-ventas-organicas\/#breadcrumb"},"inLanguage":"en-US","potentialAction":[{"@type":"ReadAction","target":["https:\/\/studioelizarojas.com\/product\/dominando-el-marketplace-la-guia-definitiva-para-ventas-organicas\/"]}]},{"@type":"ImageObject","inLanguage":"en-US","@id":"https:\/\/studioelizarojas.com\/product\/dominando-el-marketplace-la-guia-definitiva-para-ventas-organicas\/#primaryimage","url":"https:\/\/studioelizarojas.com\/wp-content\/uploads\/2026\/02\/IMG_2085.png","contentUrl":"https:\/\/studioelizarojas.com\/wp-content\/uploads\/2026\/02\/IMG_2085.png","width":1673,"height":2048},{"@type":"BreadcrumbList","@id":"https:\/\/studioelizarojas.com\/product\/dominando-el-marketplace-la-guia-definitiva-para-ventas-organicas\/#breadcrumb","itemListElement":[{"@type":"ListItem","position":1,"name":"Portada","item":"https:\/\/studioelizarojas.com\/"},{"@type":"ListItem","position":2,"name":"Nuestra Tienda","item":"https:\/\/studioelizarojas.com\/shop\/"},{"@type":"ListItem","position":3,"name":"Dominando el Marketplace: La Gu\u00eda Definitiva para Ventas Org\u00e1nicas"}]},{"@type":"WebSite","@id":"https:\/\/studioelizarojas.com\/#website","url":"https:\/\/studioelizarojas.com\/","name":"Eliza Rojas Studio","description":"Somos un estudio creativo dedicado a desarrollar productos \u00fanicos que inspiran y conectan.","publisher":{"@id":"https:\/\/studioelizarojas.com\/#organization"},"alternateName":"Studio Eliza Rojas","potentialAction":[{"@type":"SearchAction","target":{"@type":"EntryPoint","urlTemplate":"https:\/\/studioelizarojas.com\/?s={search_term_string}"},"query-input":{"@type":"PropertyValueSpecification","valueRequired":true,"valueName":"search_term_string"}}],"inLanguage":"en-US"},{"@type":"Organization","@id":"https:\/\/studioelizarojas.com\/#organization","name":"Eliza Rojas Studio","alternateName":"Studio Eliza Rojas","url":"https:\/\/studioelizarojas.com\/","logo":{"@type":"ImageObject","inLanguage":"en-US","@id":"https:\/\/studioelizarojas.com\/#\/schema\/logo\/image\/","url":"https:\/\/studioelizarojas.com\/wp-content\/uploads\/2024\/11\/Eliza-Rojas-2-e1733407528252.png","contentUrl":"https:\/\/studioelizarojas.com\/wp-content\/uploads\/2024\/11\/Eliza-Rojas-2-e1733407528252.png","width":300,"height":236,"caption":"Eliza Rojas Studio"},"image":{"@id":"https:\/\/studioelizarojas.com\/#\/schema\/logo\/image\/"},"sameAs":["https:\/\/www.facebook.com\/share\/r\/15et6XLyN1\/","https:\/\/www.instagram.com\/studioelizarojas\/","https:\/\/www.tiktok.com\/@studioelizarojas"],"description":"At Eliza Rojas Studio, we not only design personalized strategies for your business to grow and stand out in the market, we are also a creative studio dedicated to developing unique products that inspire and connect.","email":"info@studioelizarojas.com","telephone":"04125978662","legalName":"Eliza Rojas Studio","foundingDate":"2017-09-23","vatID":"27725861-0","numberOfEmployees":{"@type":"QuantitativeValue","minValue":"1","maxValue":"10"},"publishingPrinciples":"https:\/\/studioelizarojas.com\/","actionableFeedbackPolicy":"https:\/\/studioelizarojas.com\/shop\/"}]}},"_links":{"self":[{"href":"https:\/\/studioelizarojas.com\/en\/wp-json\/wp\/v2\/product\/2274","targetHints":{"allow":["GET"]}}],"collection":[{"href":"https:\/\/studioelizarojas.com\/en\/wp-json\/wp\/v2\/product"}],"about":[{"href":"https:\/\/studioelizarojas.com\/en\/wp-json\/wp\/v2\/types\/product"}],"replies":[{"embeddable":true,"href":"https:\/\/studioelizarojas.com\/en\/wp-json\/wp\/v2\/comments?post=2274"}],"wp:featuredmedia":[{"embeddable":true,"href":"https:\/\/studioelizarojas.com\/en\/wp-json\/wp\/v2\/media\/2276"}],"wp:attachment":[{"href":"https:\/\/studioelizarojas.com\/en\/wp-json\/wp\/v2\/media?parent=2274"}],"wp:term":[{"taxonomy":"product_brand","embeddable":true,"href":"https:\/\/studioelizarojas.com\/en\/wp-json\/wp\/v2\/product_brand?post=2274"},{"taxonomy":"product_cat","embeddable":true,"href":"https:\/\/studioelizarojas.com\/en\/wp-json\/wp\/v2\/product_cat?post=2274"},{"taxonomy":"product_tag","embeddable":true,"href":"https:\/\/studioelizarojas.com\/en\/wp-json\/wp\/v2\/product_tag?post=2274"}],"curies":[{"name":"wp","href":"https:\/\/api.w.org\/{rel}","templated":true}]}}