{"id":2158,"date":"2025-08-12T19:31:33","date_gmt":"2025-08-12T19:31:33","guid":{"rendered":"https:\/\/studioelizarojas.com\/?post_type=product&#038;p=2158"},"modified":"2025-08-15T17:10:14","modified_gmt":"2025-08-15T17:10:14","slug":"conectando-con-el-reino-animal-mindfulness-para-ninos-spanish-edition-en-fisico-amazon-estados-unidos","status":"publish","type":"product","link":"https:\/\/studioelizarojas.com\/en\/product\/conectando-con-el-reino-animal-mindfulness-para-ninos-spanish-edition-en-fisico-amazon-estados-unidos\/","title":{"rendered":"Conectando Con El Reino Animal &#8211; Mindfulness Para Ninos (Spanish Edition) en F\u00edsico Amazon Estados Unidos"},"content":{"rendered":"","protected":false},"excerpt":{"rendered":"<p>Queridos padres, cuidadores y, sobre todo, queridos ni\u00f1os,<\/p>\n<p>Les damos la m\u00e1s cordial bienvenida a este libro dedicado al fascinante mundo del mindfulness y su conexi\u00f3n con el reino animal. A lo largo de estas p\u00e1ginas, les invitamos a emprender un viaje maravilloso de autoconocimiento, conexi\u00f3n con la naturaleza y el reino animal, y, lo m\u00e1s importante, descubrimiento de su propio ser interior.<\/p>\n<p>En el mundo actual, donde todo se mueve a un ritmo vertiginoso y est\u00e1 lleno de distracciones y preocupaciones, los adultos a menudo nos encontramos inmersos en nuestras responsabilidades diarias, y los ni\u00f1os tambi\u00e9n experimentan sus propios desaf\u00edos y presiones, como la escuela y las actividades extracurriculares. En este ajetreo y bullicio constantes, a veces olvidamos detenernos, respirar profundamente y conectarnos con nuestro entorno y, lo que es a\u00fan m\u00e1s esencial, con nosotros mismos.<\/p>\n<p>Es precisamente en este contexto que el mindfulness se presenta como una herramienta valiosa. Es la pr\u00e1ctica de estar plenamente presente en el momento, de prestar atenci\u00f3n a lo que est\u00e1 sucediendo aqu\u00ed y ahora, sin juzgar. Y, \u00bfqu\u00e9 mejor manera de introducir esta pr\u00e1ctica en la vida de los ni\u00f1os que a trav\u00e9s de su conexi\u00f3n innata con el reino animal y la naturaleza?<\/p>\n<p>Los animales, con su diversidad y singularidad, nos ofrecen lecciones valiosas sobre la vida, la empat\u00eda y la comprensi\u00f3n del mundo que nos rodea. En las p\u00e1ginas siguientes, les guiaremos a trav\u00e9s de meditaciones, ejercicios y actividades dise\u00f1ados para ayudarles a aprender y crecer junto a estos maravillosos seres vivos. Aprender\u00e1n a ver el mundo desde el punto de vista de un koala, a fortalecer su autoconfianza y amor propio junto al pavo real, a abrazar la amistad con el perro (el mejor amigo del hombre) y mucho m\u00e1s.<\/p>\n<p>Mi enfoque es ofrecerles una experiencia enriquecedora que les permita desarrollar habilidades esenciales para la vida, como la empat\u00eda, la concentraci\u00f3n, la gesti\u00f3n emocional y la autoconfianza, al tiempo que fomentamos una mayor conexi\u00f3n con la naturaleza. De esta forma, el camino hacia una vida plena y significativa comienza con el autoconocimiento y la apertura a las maravillas que nos rodean.<\/p>\n<p>A medida que exploren las p\u00e1ginas de este libro, los animamos a participar activamente en las pr\u00e1cticas que presentamos. Dediquen tiempo juntos como familia para sumergirse en estas meditaciones y ejercicios, y pronto descubrir\u00e1n c\u00f3mo el mindfulness puede fortalecer sus v\u00ednculos familiares y enriquecer sus vidas.<\/p>\n<p>Nunca subestimen el poder de la atenci\u00f3n plena. Al aprender a estar presentes en el momento y apreciar las lecciones que los animales tienen para ofrecer, ustedes y sus hijos est\u00e1n dando pasos hacia una vida m\u00e1s equilibrada y significativa. Les deseamos un viaje inolvidable y lleno de descubrimientos mientras se adentran en el mundo m\u00e1gico del mindfulness con el reino animal.<\/p>\n<p>Adem\u00e1s, me gustar\u00eda destacar que este libro cuenta con una secci\u00f3n especial de dibujos para colorear. Los ni\u00f1os tendr\u00e1n la oportunidad de dar rienda suelta a su creatividad mientras colorean las ilustraciones de diversos animales que se encuentran en estas p\u00e1ginas. Esta actividad no solo es divertida, sino que tambi\u00e9n complementa perfectamente las meditaciones y ejercicios de mindfulness que encontrar\u00e1n en el libro.<\/p>\n<p>Tambi\u00e9n me gustar\u00eda agregar que, para fortalecer los lazos familiares y la uni\u00f3n, les invito a explorar un ejercicio de mindfulness especial dise\u00f1ado para que los padres y los ni\u00f1os lo practiquen juntos. Esta experiencia enriquecer\u00e1 su conexi\u00f3n como familia. As\u00ed que, \u00a1manos a la obra y a disfrutar de este maravilloso viaje!<\/p>","protected":false},"featured_media":2160,"comment_status":"open","ping_status":"closed","template":"","meta":{"_monsterinsights_skip_tracking":false,"_monsterinsights_sitenote_active":false,"_monsterinsights_sitenote_note":"","_monsterinsights_sitenote_category":0,"site-sidebar-layout":"default","site-content-layout":"","ast-site-content-layout":"default","site-content-style":"default","site-sidebar-style":"default","ast-global-header-display":"","ast-banner-title-visibility":"","ast-main-header-display":"","ast-hfb-above-header-display":"","ast-hfb-below-header-display":"","ast-hfb-mobile-header-display":"","site-post-title":"","ast-breadcrumbs-content":"","ast-featured-img":"","footer-sml-layout":"","ast-disable-related-posts":"","theme-transparent-header-meta":"default","adv-header-id-meta":"","stick-header-meta":"","header-above-stick-meta":"","header-main-stick-meta":"","header-below-stick-meta":"","astra-migrate-meta-layouts":"set","ast-page-background-enabled":"default","ast-page-background-meta":{"desktop":{"background-color":"var(--ast-global-color-5)","background-image":"","background-repeat":"repeat","background-position":"center center","background-size":"auto","background-attachment":"scroll","background-type":"","background-media":"","overlay-type":"","overlay-color":"","overlay-opacity":"","overlay-gradient":""},"tablet":{"background-color":"","background-image":"","background-repeat":"repeat","background-position":"center center","background-size":"auto","background-attachment":"scroll","background-type":"","background-media":"","overlay-type":"","overlay-color":"","overlay-opacity":"","overlay-gradient":""},"mobile":{"background-color":"","background-image":"","background-repeat":"repeat","background-position":"center center","background-size":"auto","background-attachment":"scroll","background-type":"","background-media":"","overlay-type":"","overlay-color":"","overlay-opacity":"","overlay-gradient":""}},"ast-content-background-meta":{"desktop":{"background-color":"var(--ast-global-color-4)","background-image":"","background-repeat":"repeat","background-position":"center center","background-size":"auto","background-attachment":"scroll","background-type":"","background-media":"","overlay-type":"","overlay-color":"","overlay-opacity":"","overlay-gradient":""},"tablet":{"background-color":"var(--ast-global-color-4)","background-image":"","background-repeat":"repeat","background-position":"center center","background-size":"auto","background-attachment":"scroll","background-type":"","background-media":"","overlay-type":"","overlay-color":"","overlay-opacity":"","overlay-gradient":""},"mobile":{"background-color":"var(--ast-global-color-4)","background-image":"","background-repeat":"repeat","background-position":"center center","background-size":"auto","background-attachment":"scroll","background-type":"","background-media":"","overlay-type":"","overlay-color":"","overlay-opacity":"","overlay-gradient":""}},"_joinchat":[]},"product_brand":[],"product_cat":[46,44],"product_tag":[],"class_list":{"0":"post-2158","1":"product","2":"type-product","3":"status-publish","4":"has-post-thumbnail","6":"product_cat-libros","7":"product_cat-tecnologia","8":"desktop-align-left","9":"tablet-align-left","10":"mobile-align-left","12":"first","13":"instock","14":"taxable","15":"shipping-taxable","16":"product-type-external"},"yoast_head":"<!-- This site is optimized with the Yoast SEO Premium plugin v26.2 (Yoast SEO v26.2) - https:\/\/yoast.com\/wordpress\/plugins\/seo\/ -->\n<title>Conectando Con El Reino Animal - Mindfulness Para Ninos (Spanish Edition) en F\u00edsico Amazon Estados Unidos - Eliza Rojas Studio<\/title>\n<meta name=\"description\" content=\"-\" \/>\n<meta name=\"robots\" content=\"index, follow, max-snippet:-1, max-image-preview:large, max-video-preview:-1\" \/>\n<link rel=\"canonical\" href=\"https:\/\/studioelizarojas.com\/en\/product\/conectando-con-el-reino-animal-mindfulness-para-ninos-spanish-edition-en-fisico-amazon-estados-unidos\/\" \/>\n<meta property=\"og:locale\" content=\"en_US\" \/>\n<meta property=\"og:type\" content=\"article\" \/>\n<meta property=\"og:title\" content=\"Conectando Con El Reino Animal - Mindfulness Para Ninos (Spanish Edition) en F\u00edsico Amazon Estados Unidos\" \/>\n<meta property=\"og:description\" content=\"Eliza Rojas Studio\" \/>\n<meta property=\"og:url\" content=\"https:\/\/studioelizarojas.com\/en\/product\/conectando-con-el-reino-animal-mindfulness-para-ninos-spanish-edition-en-fisico-amazon-estados-unidos\/\" \/>\n<meta property=\"og:site_name\" content=\"Eliza Rojas Studio\" \/>\n<meta property=\"article:publisher\" content=\"https:\/\/www.facebook.com\/share\/r\/15et6XLyN1\/\" \/>\n<meta property=\"article:modified_time\" content=\"2025-08-15T17:10:14+00:00\" \/>\n<meta property=\"og:image\" content=\"https:\/\/studioelizarojas.com\/wp-content\/uploads\/2025\/08\/IMG_20250812_151027.jpg\" \/>\n\t<meta property=\"og:image:width\" content=\"1080\" \/>\n\t<meta property=\"og:image:height\" content=\"1352\" \/>\n\t<meta property=\"og:image:type\" content=\"image\/jpeg\" \/>\n<meta name=\"twitter:card\" content=\"summary_large_image\" \/>\n<script type=\"application\/ld+json\" class=\"yoast-schema-graph\">{\"@context\":\"https:\/\/schema.org\",\"@graph\":[{\"@type\":\"WebPage\",\"@id\":\"https:\/\/studioelizarojas.com\/product\/conectando-con-el-reino-animal-mindfulness-para-ninos-spanish-edition-en-fisico-amazon-estados-unidos\/\",\"url\":\"https:\/\/studioelizarojas.com\/product\/conectando-con-el-reino-animal-mindfulness-para-ninos-spanish-edition-en-fisico-amazon-estados-unidos\/\",\"name\":\"Conectando Con El Reino Animal - Mindfulness Para Ninos (Spanish Edition) en F\u00edsico Amazon Estados Unidos - Eliza Rojas Studio\",\"isPartOf\":{\"@id\":\"https:\/\/studioelizarojas.com\/#website\"},\"primaryImageOfPage\":{\"@id\":\"https:\/\/studioelizarojas.com\/product\/conectando-con-el-reino-animal-mindfulness-para-ninos-spanish-edition-en-fisico-amazon-estados-unidos\/#primaryimage\"},\"image\":{\"@id\":\"https:\/\/studioelizarojas.com\/product\/conectando-con-el-reino-animal-mindfulness-para-ninos-spanish-edition-en-fisico-amazon-estados-unidos\/#primaryimage\"},\"thumbnailUrl\":\"https:\/\/studioelizarojas.com\/wp-content\/uploads\/2025\/08\/IMG_20250812_151027.jpg\",\"datePublished\":\"2025-08-12T19:31:33+00:00\",\"dateModified\":\"2025-08-15T17:10:14+00:00\",\"description\":\"-\",\"breadcrumb\":{\"@id\":\"https:\/\/studioelizarojas.com\/product\/conectando-con-el-reino-animal-mindfulness-para-ninos-spanish-edition-en-fisico-amazon-estados-unidos\/#breadcrumb\"},\"inLanguage\":\"en-US\",\"potentialAction\":[{\"@type\":\"ReadAction\",\"target\":[\"https:\/\/studioelizarojas.com\/product\/conectando-con-el-reino-animal-mindfulness-para-ninos-spanish-edition-en-fisico-amazon-estados-unidos\/\"]}]},{\"@type\":\"ImageObject\",\"inLanguage\":\"en-US\",\"@id\":\"https:\/\/studioelizarojas.com\/product\/conectando-con-el-reino-animal-mindfulness-para-ninos-spanish-edition-en-fisico-amazon-estados-unidos\/#primaryimage\",\"url\":\"https:\/\/studioelizarojas.com\/wp-content\/uploads\/2025\/08\/IMG_20250812_151027.jpg\",\"contentUrl\":\"https:\/\/studioelizarojas.com\/wp-content\/uploads\/2025\/08\/IMG_20250812_151027.jpg\",\"width\":1080,\"height\":1352},{\"@type\":\"BreadcrumbList\",\"@id\":\"https:\/\/studioelizarojas.com\/product\/conectando-con-el-reino-animal-mindfulness-para-ninos-spanish-edition-en-fisico-amazon-estados-unidos\/#breadcrumb\",\"itemListElement\":[{\"@type\":\"ListItem\",\"position\":1,\"name\":\"Portada\",\"item\":\"https:\/\/studioelizarojas.com\/\"},{\"@type\":\"ListItem\",\"position\":2,\"name\":\"Nuestra Tienda\",\"item\":\"https:\/\/studioelizarojas.com\/shop\/\"},{\"@type\":\"ListItem\",\"position\":3,\"name\":\"Conectando Con El Reino Animal &#8211; Mindfulness Para Ninos (Spanish Edition) en F\u00edsico Amazon Estados Unidos\"}]},{\"@type\":\"WebSite\",\"@id\":\"https:\/\/studioelizarojas.com\/#website\",\"url\":\"https:\/\/studioelizarojas.com\/\",\"name\":\"Eliza Rojas Studio\",\"description\":\"Somos un estudio creativo dedicado a desarrollar productos \u00fanicos que inspiran y conectan.\",\"publisher\":{\"@id\":\"https:\/\/studioelizarojas.com\/#organization\"},\"alternateName\":\"Studio Eliza Rojas\",\"potentialAction\":[{\"@type\":\"SearchAction\",\"target\":{\"@type\":\"EntryPoint\",\"urlTemplate\":\"https:\/\/studioelizarojas.com\/?s={search_term_string}\"},\"query-input\":{\"@type\":\"PropertyValueSpecification\",\"valueRequired\":true,\"valueName\":\"search_term_string\"}}],\"inLanguage\":\"en-US\"},{\"@type\":\"Organization\",\"@id\":\"https:\/\/studioelizarojas.com\/#organization\",\"name\":\"Eliza Rojas Studio\",\"alternateName\":\"Studio Eliza Rojas\",\"url\":\"https:\/\/studioelizarojas.com\/\",\"logo\":{\"@type\":\"ImageObject\",\"inLanguage\":\"en-US\",\"@id\":\"https:\/\/studioelizarojas.com\/#\/schema\/logo\/image\/\",\"url\":\"https:\/\/studioelizarojas.com\/wp-content\/uploads\/2024\/11\/Eliza-Rojas-2-e1733407528252.png\",\"contentUrl\":\"https:\/\/studioelizarojas.com\/wp-content\/uploads\/2024\/11\/Eliza-Rojas-2-e1733407528252.png\",\"width\":300,\"height\":236,\"caption\":\"Eliza Rojas Studio\"},\"image\":{\"@id\":\"https:\/\/studioelizarojas.com\/#\/schema\/logo\/image\/\"},\"sameAs\":[\"https:\/\/www.facebook.com\/share\/r\/15et6XLyN1\/\",\"https:\/\/www.instagram.com\/studioelizarojas\/\",\"https:\/\/www.tiktok.com\/@studioelizarojas\"],\"description\":\"En Eliza Rojas Studio, no solo dise\u00f1amos estrategias personalizadas para que tu negocio crezca y destaque en el mercado, tambi\u00e9n somos un estudio creativo dedicado a desarrollar productos \u00fanicos que inspiran y conectan.\",\"email\":\"info@studioelizarojas.com\",\"telephone\":\"04125978662\",\"legalName\":\"Eliza Rojas Studio\",\"foundingDate\":\"2017-09-23\",\"vatID\":\"27725861-0\",\"numberOfEmployees\":{\"@type\":\"QuantitativeValue\",\"minValue\":\"1\",\"maxValue\":\"10\"},\"publishingPrinciples\":\"https:\/\/studioelizarojas.com\/\",\"actionableFeedbackPolicy\":\"https:\/\/studioelizarojas.com\/shop\/\"}]}<\/script>\n<!-- \/ Yoast SEO Premium plugin. -->","yoast_head_json":{"title":"Conectando Con El Reino Animal - Mindfulness Para Ninos (Spanish Edition) en F\u00edsico Amazon Estados Unidos - Eliza Rojas Studio","description":"-","robots":{"index":"index","follow":"follow","max-snippet":"max-snippet:-1","max-image-preview":"max-image-preview:large","max-video-preview":"max-video-preview:-1"},"canonical":"https:\/\/studioelizarojas.com\/en\/product\/conectando-con-el-reino-animal-mindfulness-para-ninos-spanish-edition-en-fisico-amazon-estados-unidos\/","og_locale":"en_US","og_type":"article","og_title":"Conectando Con El Reino Animal - Mindfulness Para Ninos (Spanish Edition) en F\u00edsico Amazon Estados Unidos","og_description":"Eliza Rojas Studio","og_url":"https:\/\/studioelizarojas.com\/en\/product\/conectando-con-el-reino-animal-mindfulness-para-ninos-spanish-edition-en-fisico-amazon-estados-unidos\/","og_site_name":"Eliza Rojas Studio","article_publisher":"https:\/\/www.facebook.com\/share\/r\/15et6XLyN1\/","article_modified_time":"2025-08-15T17:10:14+00:00","og_image":[{"width":1080,"height":1352,"url":"https:\/\/studioelizarojas.com\/wp-content\/uploads\/2025\/08\/IMG_20250812_151027.jpg","type":"image\/jpeg"}],"twitter_card":"summary_large_image","schema":{"@context":"https:\/\/schema.org","@graph":[{"@type":"WebPage","@id":"https:\/\/studioelizarojas.com\/product\/conectando-con-el-reino-animal-mindfulness-para-ninos-spanish-edition-en-fisico-amazon-estados-unidos\/","url":"https:\/\/studioelizarojas.com\/product\/conectando-con-el-reino-animal-mindfulness-para-ninos-spanish-edition-en-fisico-amazon-estados-unidos\/","name":"Conectando Con El Reino Animal - Mindfulness Para Ninos (Spanish Edition) en F\u00edsico Amazon Estados Unidos - Eliza Rojas Studio","isPartOf":{"@id":"https:\/\/studioelizarojas.com\/#website"},"primaryImageOfPage":{"@id":"https:\/\/studioelizarojas.com\/product\/conectando-con-el-reino-animal-mindfulness-para-ninos-spanish-edition-en-fisico-amazon-estados-unidos\/#primaryimage"},"image":{"@id":"https:\/\/studioelizarojas.com\/product\/conectando-con-el-reino-animal-mindfulness-para-ninos-spanish-edition-en-fisico-amazon-estados-unidos\/#primaryimage"},"thumbnailUrl":"https:\/\/studioelizarojas.com\/wp-content\/uploads\/2025\/08\/IMG_20250812_151027.jpg","datePublished":"2025-08-12T19:31:33+00:00","dateModified":"2025-08-15T17:10:14+00:00","description":"-","breadcrumb":{"@id":"https:\/\/studioelizarojas.com\/product\/conectando-con-el-reino-animal-mindfulness-para-ninos-spanish-edition-en-fisico-amazon-estados-unidos\/#breadcrumb"},"inLanguage":"en-US","potentialAction":[{"@type":"ReadAction","target":["https:\/\/studioelizarojas.com\/product\/conectando-con-el-reino-animal-mindfulness-para-ninos-spanish-edition-en-fisico-amazon-estados-unidos\/"]}]},{"@type":"ImageObject","inLanguage":"en-US","@id":"https:\/\/studioelizarojas.com\/product\/conectando-con-el-reino-animal-mindfulness-para-ninos-spanish-edition-en-fisico-amazon-estados-unidos\/#primaryimage","url":"https:\/\/studioelizarojas.com\/wp-content\/uploads\/2025\/08\/IMG_20250812_151027.jpg","contentUrl":"https:\/\/studioelizarojas.com\/wp-content\/uploads\/2025\/08\/IMG_20250812_151027.jpg","width":1080,"height":1352},{"@type":"BreadcrumbList","@id":"https:\/\/studioelizarojas.com\/product\/conectando-con-el-reino-animal-mindfulness-para-ninos-spanish-edition-en-fisico-amazon-estados-unidos\/#breadcrumb","itemListElement":[{"@type":"ListItem","position":1,"name":"Portada","item":"https:\/\/studioelizarojas.com\/"},{"@type":"ListItem","position":2,"name":"Nuestra Tienda","item":"https:\/\/studioelizarojas.com\/shop\/"},{"@type":"ListItem","position":3,"name":"Conectando Con El Reino Animal &#8211; Mindfulness Para Ninos (Spanish Edition) en F\u00edsico Amazon Estados Unidos"}]},{"@type":"WebSite","@id":"https:\/\/studioelizarojas.com\/#website","url":"https:\/\/studioelizarojas.com\/","name":"Eliza Rojas Studio","description":"Somos un estudio creativo dedicado a desarrollar productos \u00fanicos que inspiran y conectan.","publisher":{"@id":"https:\/\/studioelizarojas.com\/#organization"},"alternateName":"Studio Eliza Rojas","potentialAction":[{"@type":"SearchAction","target":{"@type":"EntryPoint","urlTemplate":"https:\/\/studioelizarojas.com\/?s={search_term_string}"},"query-input":{"@type":"PropertyValueSpecification","valueRequired":true,"valueName":"search_term_string"}}],"inLanguage":"en-US"},{"@type":"Organization","@id":"https:\/\/studioelizarojas.com\/#organization","name":"Eliza Rojas Studio","alternateName":"Studio Eliza Rojas","url":"https:\/\/studioelizarojas.com\/","logo":{"@type":"ImageObject","inLanguage":"en-US","@id":"https:\/\/studioelizarojas.com\/#\/schema\/logo\/image\/","url":"https:\/\/studioelizarojas.com\/wp-content\/uploads\/2024\/11\/Eliza-Rojas-2-e1733407528252.png","contentUrl":"https:\/\/studioelizarojas.com\/wp-content\/uploads\/2024\/11\/Eliza-Rojas-2-e1733407528252.png","width":300,"height":236,"caption":"Eliza Rojas Studio"},"image":{"@id":"https:\/\/studioelizarojas.com\/#\/schema\/logo\/image\/"},"sameAs":["https:\/\/www.facebook.com\/share\/r\/15et6XLyN1\/","https:\/\/www.instagram.com\/studioelizarojas\/","https:\/\/www.tiktok.com\/@studioelizarojas"],"description":"At Eliza Rojas Studio, we not only design personalized strategies for your business to grow and stand out in the market, we are also a creative studio dedicated to developing unique products that inspire and connect.","email":"info@studioelizarojas.com","telephone":"04125978662","legalName":"Eliza Rojas Studio","foundingDate":"2017-09-23","vatID":"27725861-0","numberOfEmployees":{"@type":"QuantitativeValue","minValue":"1","maxValue":"10"},"publishingPrinciples":"https:\/\/studioelizarojas.com\/","actionableFeedbackPolicy":"https:\/\/studioelizarojas.com\/shop\/"}]}},"_links":{"self":[{"href":"https:\/\/studioelizarojas.com\/en\/wp-json\/wp\/v2\/product\/2158","targetHints":{"allow":["GET"]}}],"collection":[{"href":"https:\/\/studioelizarojas.com\/en\/wp-json\/wp\/v2\/product"}],"about":[{"href":"https:\/\/studioelizarojas.com\/en\/wp-json\/wp\/v2\/types\/product"}],"replies":[{"embeddable":true,"href":"https:\/\/studioelizarojas.com\/en\/wp-json\/wp\/v2\/comments?post=2158"}],"wp:featuredmedia":[{"embeddable":true,"href":"https:\/\/studioelizarojas.com\/en\/wp-json\/wp\/v2\/media\/2160"}],"wp:attachment":[{"href":"https:\/\/studioelizarojas.com\/en\/wp-json\/wp\/v2\/media?parent=2158"}],"wp:term":[{"taxonomy":"product_brand","embeddable":true,"href":"https:\/\/studioelizarojas.com\/en\/wp-json\/wp\/v2\/product_brand?post=2158"},{"taxonomy":"product_cat","embeddable":true,"href":"https:\/\/studioelizarojas.com\/en\/wp-json\/wp\/v2\/product_cat?post=2158"},{"taxonomy":"product_tag","embeddable":true,"href":"https:\/\/studioelizarojas.com\/en\/wp-json\/wp\/v2\/product_tag?post=2158"}],"curies":[{"name":"wp","href":"https:\/\/api.w.org\/{rel}","templated":true}]}}