{"id":2154,"date":"2025-08-12T19:23:34","date_gmt":"2025-08-12T19:23:34","guid":{"rendered":"https:\/\/studioelizarojas.com\/?post_type=product&#038;p=2154"},"modified":"2025-11-02T07:48:59","modified_gmt":"2025-11-02T07:48:59","slug":"aplicacion-web-para-kiosko-de-autoservicio","status":"publish","type":"product","link":"https:\/\/studioelizarojas.com\/en\/product\/aplicacion-web-para-kiosko-de-autoservicio\/","title":{"rendered":"Aplicaci\u00f3n Web para Kiosko de Autoservicio"},"content":{"rendered":"","protected":false},"excerpt":{"rendered":"<p>\u00bfQuieres digitalizar tu negocio con estilo y eficiencia?<\/p>\n<p>En MB Technology Import, junto a Eliza Rojas Studio, creamos apps web personalizadas para kioskos de autoservicio, dise\u00f1adas para transformar la experiencia de tus clientes desde el primer contacto.<\/p>\n<p>Ideal para pasteler\u00edas, restaurantes, farmacias y tiendas.<\/p>\n<p>\u2013 \u00bfYa tienes un kiosko? Podemos instalar solo el sistema.<\/p>\n<p>\u2013 \u00bfLo necesitas todo? Te lo entregamos instalado, listo para funcionar.<\/p>\n<p>\u2013 Funciona con o sin internet<\/p>\n<p>\u2013 100% personalizable<\/p>\n<p>\u2013 Se adapta al ritmo de tu negocio<\/p>\n<p>\u2013 Disponible para todo el pa\u00eds<\/p>\n<p>\u2013 Delivery gratis en Caracas (el kiosko de autoservicio)<\/p>\n<p>Escr\u00edbenos para agendar una demo o pedir tu presupuesto. Convierte cada compra en una experiencia moderna e intuitiva.<\/p>","protected":false},"featured_media":2155,"comment_status":"open","ping_status":"closed","template":"","meta":{"_monsterinsights_skip_tracking":false,"_monsterinsights_sitenote_active":false,"_monsterinsights_sitenote_note":"","_monsterinsights_sitenote_category":0,"site-sidebar-layout":"default","site-content-layout":"","ast-site-content-layout":"default","site-content-style":"default","site-sidebar-style":"default","ast-global-header-display":"","ast-banner-title-visibility":"","ast-main-header-display":"","ast-hfb-above-header-display":"","ast-hfb-below-header-display":"","ast-hfb-mobile-header-display":"","site-post-title":"","ast-breadcrumbs-content":"","ast-featured-img":"","footer-sml-layout":"","ast-disable-related-posts":"","theme-transparent-header-meta":"default","adv-header-id-meta":"","stick-header-meta":"","header-above-stick-meta":"","header-main-stick-meta":"","header-below-stick-meta":"","astra-migrate-meta-layouts":"set","ast-page-background-enabled":"default","ast-page-background-meta":{"desktop":{"background-color":"var(--ast-global-color-5)","background-image":"","background-repeat":"repeat","background-position":"center center","background-size":"auto","background-attachment":"scroll","background-type":"","background-media":"","overlay-type":"","overlay-color":"","overlay-opacity":"","overlay-gradient":""},"tablet":{"background-color":"","background-image":"","background-repeat":"repeat","background-position":"center center","background-size":"auto","background-attachment":"scroll","background-type":"","background-media":"","overlay-type":"","overlay-color":"","overlay-opacity":"","overlay-gradient":""},"mobile":{"background-color":"","background-image":"","background-repeat":"repeat","background-position":"center center","background-size":"auto","background-attachment":"scroll","background-type":"","background-media":"","overlay-type":"","overlay-color":"","overlay-opacity":"","overlay-gradient":""}},"ast-content-background-meta":{"desktop":{"background-color":"var(--ast-global-color-4)","background-image":"","background-repeat":"repeat","background-position":"center center","background-size":"auto","background-attachment":"scroll","background-type":"","background-media":"","overlay-type":"","overlay-color":"","overlay-opacity":"","overlay-gradient":""},"tablet":{"background-color":"var(--ast-global-color-4)","background-image":"","background-repeat":"repeat","background-position":"center center","background-size":"auto","background-attachment":"scroll","background-type":"","background-media":"","overlay-type":"","overlay-color":"","overlay-opacity":"","overlay-gradient":""},"mobile":{"background-color":"var(--ast-global-color-4)","background-image":"","background-repeat":"repeat","background-position":"center center","background-size":"auto","background-attachment":"scroll","background-type":"","background-media":"","overlay-type":"","overlay-color":"","overlay-opacity":"","overlay-gradient":""}},"_joinchat":[]},"product_brand":[],"product_cat":[45,44,25],"product_tag":[],"class_list":{"0":"post-2154","1":"product","2":"type-product","3":"status-publish","4":"has-post-thumbnail","6":"product_cat-aplicaciones-web","7":"product_cat-tecnologia","8":"product_cat-web-desing","9":"desktop-align-left","10":"tablet-align-left","11":"mobile-align-left","13":"first","14":"instock","15":"taxable","16":"shipping-taxable","17":"purchasable","18":"product-type-simple"},"yoast_head":"<!-- This site is optimized with the Yoast SEO Premium plugin v26.2 (Yoast SEO v26.2) - https:\/\/yoast.com\/wordpress\/plugins\/seo\/ -->\n<title>Aplicaci\u00f3n Web para Kiosko de Autoservicio - Eliza Rojas Studio<\/title>\n<meta name=\"description\" content=\"-\" \/>\n<meta name=\"robots\" content=\"index, follow, max-snippet:-1, max-image-preview:large, max-video-preview:-1\" \/>\n<link rel=\"canonical\" href=\"https:\/\/studioelizarojas.com\/en\/product\/aplicacion-web-para-kiosko-de-autoservicio\/\" \/>\n<meta property=\"og:locale\" content=\"en_US\" \/>\n<meta property=\"og:type\" content=\"article\" \/>\n<meta property=\"og:title\" content=\"Aplicaci\u00f3n Web para Kiosko de Autoservicio\" \/>\n<meta property=\"og:description\" content=\"Eliza Rojas Studio\" \/>\n<meta property=\"og:url\" content=\"https:\/\/studioelizarojas.com\/en\/product\/aplicacion-web-para-kiosko-de-autoservicio\/\" \/>\n<meta property=\"og:site_name\" content=\"Eliza Rojas Studio\" \/>\n<meta property=\"article:publisher\" content=\"https:\/\/www.facebook.com\/share\/r\/15et6XLyN1\/\" \/>\n<meta property=\"article:modified_time\" content=\"2025-11-02T07:48:59+00:00\" \/>\n<meta property=\"og:image\" content=\"https:\/\/studioelizarojas.com\/wp-content\/uploads\/2025\/08\/Untitled-design_20250808_202258_0000-819x1024.png\" \/>\n\t<meta property=\"og:image:width\" content=\"819\" \/>\n\t<meta property=\"og:image:height\" content=\"1024\" \/>\n\t<meta property=\"og:image:type\" content=\"image\/png\" \/>\n<meta name=\"twitter:card\" content=\"summary_large_image\" \/>\n<script type=\"application\/ld+json\" class=\"yoast-schema-graph\">{\"@context\":\"https:\/\/schema.org\",\"@graph\":[{\"@type\":\"WebPage\",\"@id\":\"https:\/\/studioelizarojas.com\/product\/aplicacion-web-para-kiosko-de-autoservicio\/\",\"url\":\"https:\/\/studioelizarojas.com\/product\/aplicacion-web-para-kiosko-de-autoservicio\/\",\"name\":\"Aplicaci\u00f3n Web para Kiosko de Autoservicio - Eliza Rojas Studio\",\"isPartOf\":{\"@id\":\"https:\/\/studioelizarojas.com\/#website\"},\"primaryImageOfPage\":{\"@id\":\"https:\/\/studioelizarojas.com\/product\/aplicacion-web-para-kiosko-de-autoservicio\/#primaryimage\"},\"image\":{\"@id\":\"https:\/\/studioelizarojas.com\/product\/aplicacion-web-para-kiosko-de-autoservicio\/#primaryimage\"},\"thumbnailUrl\":\"https:\/\/studioelizarojas.com\/wp-content\/uploads\/2025\/08\/Untitled-design_20250808_202258_0000.png\",\"datePublished\":\"2025-08-12T19:23:34+00:00\",\"dateModified\":\"2025-11-02T07:48:59+00:00\",\"description\":\"-\",\"breadcrumb\":{\"@id\":\"https:\/\/studioelizarojas.com\/product\/aplicacion-web-para-kiosko-de-autoservicio\/#breadcrumb\"},\"inLanguage\":\"en-US\",\"potentialAction\":[{\"@type\":\"ReadAction\",\"target\":[\"https:\/\/studioelizarojas.com\/product\/aplicacion-web-para-kiosko-de-autoservicio\/\"]}]},{\"@type\":\"ImageObject\",\"inLanguage\":\"en-US\",\"@id\":\"https:\/\/studioelizarojas.com\/product\/aplicacion-web-para-kiosko-de-autoservicio\/#primaryimage\",\"url\":\"https:\/\/studioelizarojas.com\/wp-content\/uploads\/2025\/08\/Untitled-design_20250808_202258_0000.png\",\"contentUrl\":\"https:\/\/studioelizarojas.com\/wp-content\/uploads\/2025\/08\/Untitled-design_20250808_202258_0000.png\",\"width\":2295,\"height\":2869},{\"@type\":\"BreadcrumbList\",\"@id\":\"https:\/\/studioelizarojas.com\/product\/aplicacion-web-para-kiosko-de-autoservicio\/#breadcrumb\",\"itemListElement\":[{\"@type\":\"ListItem\",\"position\":1,\"name\":\"Portada\",\"item\":\"https:\/\/studioelizarojas.com\/\"},{\"@type\":\"ListItem\",\"position\":2,\"name\":\"Nuestra Tienda\",\"item\":\"https:\/\/studioelizarojas.com\/shop\/\"},{\"@type\":\"ListItem\",\"position\":3,\"name\":\"Aplicaci\u00f3n Web para Kiosko de Autoservicio\"}]},{\"@type\":\"WebSite\",\"@id\":\"https:\/\/studioelizarojas.com\/#website\",\"url\":\"https:\/\/studioelizarojas.com\/\",\"name\":\"Eliza Rojas Studio\",\"description\":\"Somos un estudio creativo dedicado a desarrollar productos \u00fanicos que inspiran y conectan.\",\"publisher\":{\"@id\":\"https:\/\/studioelizarojas.com\/#organization\"},\"alternateName\":\"Studio Eliza Rojas\",\"potentialAction\":[{\"@type\":\"SearchAction\",\"target\":{\"@type\":\"EntryPoint\",\"urlTemplate\":\"https:\/\/studioelizarojas.com\/?s={search_term_string}\"},\"query-input\":{\"@type\":\"PropertyValueSpecification\",\"valueRequired\":true,\"valueName\":\"search_term_string\"}}],\"inLanguage\":\"en-US\"},{\"@type\":\"Organization\",\"@id\":\"https:\/\/studioelizarojas.com\/#organization\",\"name\":\"Eliza Rojas Studio\",\"alternateName\":\"Studio Eliza Rojas\",\"url\":\"https:\/\/studioelizarojas.com\/\",\"logo\":{\"@type\":\"ImageObject\",\"inLanguage\":\"en-US\",\"@id\":\"https:\/\/studioelizarojas.com\/#\/schema\/logo\/image\/\",\"url\":\"https:\/\/studioelizarojas.com\/wp-content\/uploads\/2024\/11\/Eliza-Rojas-2-e1733407528252.png\",\"contentUrl\":\"https:\/\/studioelizarojas.com\/wp-content\/uploads\/2024\/11\/Eliza-Rojas-2-e1733407528252.png\",\"width\":300,\"height\":236,\"caption\":\"Eliza Rojas Studio\"},\"image\":{\"@id\":\"https:\/\/studioelizarojas.com\/#\/schema\/logo\/image\/\"},\"sameAs\":[\"https:\/\/www.facebook.com\/share\/r\/15et6XLyN1\/\",\"https:\/\/www.instagram.com\/studioelizarojas\/\",\"https:\/\/www.tiktok.com\/@studioelizarojas\"],\"description\":\"En Eliza Rojas Studio, no solo dise\u00f1amos estrategias personalizadas para que tu negocio crezca y destaque en el mercado, tambi\u00e9n somos un estudio creativo dedicado a desarrollar productos \u00fanicos que inspiran y conectan.\",\"email\":\"info@studioelizarojas.com\",\"telephone\":\"04125978662\",\"legalName\":\"Eliza Rojas Studio\",\"foundingDate\":\"2017-09-23\",\"vatID\":\"27725861-0\",\"numberOfEmployees\":{\"@type\":\"QuantitativeValue\",\"minValue\":\"1\",\"maxValue\":\"10\"},\"publishingPrinciples\":\"https:\/\/studioelizarojas.com\/\",\"actionableFeedbackPolicy\":\"https:\/\/studioelizarojas.com\/shop\/\"}]}<\/script>\n<!-- \/ Yoast SEO Premium plugin. -->","yoast_head_json":{"title":"Aplicaci\u00f3n Web para Kiosko de Autoservicio - Eliza Rojas Studio","description":"-","robots":{"index":"index","follow":"follow","max-snippet":"max-snippet:-1","max-image-preview":"max-image-preview:large","max-video-preview":"max-video-preview:-1"},"canonical":"https:\/\/studioelizarojas.com\/en\/product\/aplicacion-web-para-kiosko-de-autoservicio\/","og_locale":"en_US","og_type":"article","og_title":"Aplicaci\u00f3n Web para Kiosko de Autoservicio","og_description":"Eliza Rojas Studio","og_url":"https:\/\/studioelizarojas.com\/en\/product\/aplicacion-web-para-kiosko-de-autoservicio\/","og_site_name":"Eliza Rojas Studio","article_publisher":"https:\/\/www.facebook.com\/share\/r\/15et6XLyN1\/","article_modified_time":"2025-11-02T07:48:59+00:00","og_image":[{"width":819,"height":1024,"url":"https:\/\/studioelizarojas.com\/wp-content\/uploads\/2025\/08\/Untitled-design_20250808_202258_0000-819x1024.png","type":"image\/png"}],"twitter_card":"summary_large_image","schema":{"@context":"https:\/\/schema.org","@graph":[{"@type":"WebPage","@id":"https:\/\/studioelizarojas.com\/product\/aplicacion-web-para-kiosko-de-autoservicio\/","url":"https:\/\/studioelizarojas.com\/product\/aplicacion-web-para-kiosko-de-autoservicio\/","name":"Aplicaci\u00f3n Web para Kiosko de Autoservicio - Eliza Rojas Studio","isPartOf":{"@id":"https:\/\/studioelizarojas.com\/#website"},"primaryImageOfPage":{"@id":"https:\/\/studioelizarojas.com\/product\/aplicacion-web-para-kiosko-de-autoservicio\/#primaryimage"},"image":{"@id":"https:\/\/studioelizarojas.com\/product\/aplicacion-web-para-kiosko-de-autoservicio\/#primaryimage"},"thumbnailUrl":"https:\/\/studioelizarojas.com\/wp-content\/uploads\/2025\/08\/Untitled-design_20250808_202258_0000.png","datePublished":"2025-08-12T19:23:34+00:00","dateModified":"2025-11-02T07:48:59+00:00","description":"-","breadcrumb":{"@id":"https:\/\/studioelizarojas.com\/product\/aplicacion-web-para-kiosko-de-autoservicio\/#breadcrumb"},"inLanguage":"en-US","potentialAction":[{"@type":"ReadAction","target":["https:\/\/studioelizarojas.com\/product\/aplicacion-web-para-kiosko-de-autoservicio\/"]}]},{"@type":"ImageObject","inLanguage":"en-US","@id":"https:\/\/studioelizarojas.com\/product\/aplicacion-web-para-kiosko-de-autoservicio\/#primaryimage","url":"https:\/\/studioelizarojas.com\/wp-content\/uploads\/2025\/08\/Untitled-design_20250808_202258_0000.png","contentUrl":"https:\/\/studioelizarojas.com\/wp-content\/uploads\/2025\/08\/Untitled-design_20250808_202258_0000.png","width":2295,"height":2869},{"@type":"BreadcrumbList","@id":"https:\/\/studioelizarojas.com\/product\/aplicacion-web-para-kiosko-de-autoservicio\/#breadcrumb","itemListElement":[{"@type":"ListItem","position":1,"name":"Portada","item":"https:\/\/studioelizarojas.com\/"},{"@type":"ListItem","position":2,"name":"Nuestra Tienda","item":"https:\/\/studioelizarojas.com\/shop\/"},{"@type":"ListItem","position":3,"name":"Aplicaci\u00f3n Web para Kiosko de Autoservicio"}]},{"@type":"WebSite","@id":"https:\/\/studioelizarojas.com\/#website","url":"https:\/\/studioelizarojas.com\/","name":"Eliza Rojas Studio","description":"Somos un estudio creativo dedicado a desarrollar productos \u00fanicos que inspiran y conectan.","publisher":{"@id":"https:\/\/studioelizarojas.com\/#organization"},"alternateName":"Studio Eliza Rojas","potentialAction":[{"@type":"SearchAction","target":{"@type":"EntryPoint","urlTemplate":"https:\/\/studioelizarojas.com\/?s={search_term_string}"},"query-input":{"@type":"PropertyValueSpecification","valueRequired":true,"valueName":"search_term_string"}}],"inLanguage":"en-US"},{"@type":"Organization","@id":"https:\/\/studioelizarojas.com\/#organization","name":"Eliza Rojas Studio","alternateName":"Studio Eliza Rojas","url":"https:\/\/studioelizarojas.com\/","logo":{"@type":"ImageObject","inLanguage":"en-US","@id":"https:\/\/studioelizarojas.com\/#\/schema\/logo\/image\/","url":"https:\/\/studioelizarojas.com\/wp-content\/uploads\/2024\/11\/Eliza-Rojas-2-e1733407528252.png","contentUrl":"https:\/\/studioelizarojas.com\/wp-content\/uploads\/2024\/11\/Eliza-Rojas-2-e1733407528252.png","width":300,"height":236,"caption":"Eliza Rojas Studio"},"image":{"@id":"https:\/\/studioelizarojas.com\/#\/schema\/logo\/image\/"},"sameAs":["https:\/\/www.facebook.com\/share\/r\/15et6XLyN1\/","https:\/\/www.instagram.com\/studioelizarojas\/","https:\/\/www.tiktok.com\/@studioelizarojas"],"description":"At Eliza Rojas Studio, we not only design personalized strategies for your business to grow and stand out in the market, we are also a creative studio dedicated to developing unique products that inspire and connect.","email":"info@studioelizarojas.com","telephone":"04125978662","legalName":"Eliza Rojas Studio","foundingDate":"2017-09-23","vatID":"27725861-0","numberOfEmployees":{"@type":"QuantitativeValue","minValue":"1","maxValue":"10"},"publishingPrinciples":"https:\/\/studioelizarojas.com\/","actionableFeedbackPolicy":"https:\/\/studioelizarojas.com\/shop\/"}]}},"_links":{"self":[{"href":"https:\/\/studioelizarojas.com\/en\/wp-json\/wp\/v2\/product\/2154","targetHints":{"allow":["GET"]}}],"collection":[{"href":"https:\/\/studioelizarojas.com\/en\/wp-json\/wp\/v2\/product"}],"about":[{"href":"https:\/\/studioelizarojas.com\/en\/wp-json\/wp\/v2\/types\/product"}],"replies":[{"embeddable":true,"href":"https:\/\/studioelizarojas.com\/en\/wp-json\/wp\/v2\/comments?post=2154"}],"wp:featuredmedia":[{"embeddable":true,"href":"https:\/\/studioelizarojas.com\/en\/wp-json\/wp\/v2\/media\/2155"}],"wp:attachment":[{"href":"https:\/\/studioelizarojas.com\/en\/wp-json\/wp\/v2\/media?parent=2154"}],"wp:term":[{"taxonomy":"product_brand","embeddable":true,"href":"https:\/\/studioelizarojas.com\/en\/wp-json\/wp\/v2\/product_brand?post=2154"},{"taxonomy":"product_cat","embeddable":true,"href":"https:\/\/studioelizarojas.com\/en\/wp-json\/wp\/v2\/product_cat?post=2154"},{"taxonomy":"product_tag","embeddable":true,"href":"https:\/\/studioelizarojas.com\/en\/wp-json\/wp\/v2\/product_tag?post=2154"}],"curies":[{"name":"wp","href":"https:\/\/api.w.org\/{rel}","templated":true}]}}