{"id":1999,"date":"2024-12-06T15:18:51","date_gmt":"2024-12-06T15:18:51","guid":{"rendered":"https:\/\/studioelizarojas.com\/?post_type=product&#038;p=1999"},"modified":"2025-08-15T17:02:13","modified_gmt":"2025-08-15T17:02:13","slug":"business-mentorships","status":"publish","type":"product","link":"https:\/\/studioelizarojas.com\/en\/product\/business-mentorships\/","title":{"rendered":"Mentor\u00edas empresariales"},"content":{"rendered":"<p>\u00bfQu\u00e9 est\u00e1 incluido?<\/p>\n<ul>\n<li>2 sesiones de tutor\u00eda: Primera sesi\u00f3n: 30 minutos<\/li>\n<li>Segunda sesi\u00f3n: 60 minutos<\/li>\n<li>Seguimiento de 15 d\u00edas v\u00eda mensaje<\/li>\n<li>Grabaci\u00f3n de la sesi\u00f3n para su posterior revisi\u00f3n.<\/li>\n<li>PDF con gu\u00edas y recursos (si es necesario)<\/li>\n<\/ul>\n<p>\u00bfPara qui\u00e9n es esto?<\/p>\n<p>Emprendedores y due\u00f1os de negocios con desaf\u00edos o preguntas espec\u00edficas que necesitan orientaci\u00f3n para seguir adelante.<\/p>\n<p>\u00bfEn qu\u00e9 temas podemos ayudar?<\/p>\n<ul>\n<li>Mentalidad emprendedora<\/li>\n<li>Gesti\u00f3n financiera<\/li>\n<li>Optimizaci\u00f3n del modelo de negocio<\/li>\n<li>marketing estrat\u00e9gico<\/li>\n<li>Crecimiento de ventas<\/li>\n<li>Gesti\u00f3n de clientes<\/li>\n<li>Formaci\u00f3n y liderazgo de equipos.<\/li>\n<\/ul>\n<p>\u00bfC\u00f3mo funciona el proceso?<\/p>\n<ul>\n<li>Compra la sesi\u00f3n: Despu\u00e9s de la compra, recibir\u00e1s la agenda de ambas sesiones.<\/li>\n<li>Complete el resumen: le enviaremos un breve cuestionario para comprender mejor su situaci\u00f3n y sus desaf\u00edos.<\/li>\n<li>An\u00e1lisis y preparaci\u00f3n: Estudiaremos tu caso y prepararemos soluciones personalizadas para cada tema que abordaremos.<\/li>\n<\/ul>","protected":false},"excerpt":{"rendered":"<p>\u00bfEn qu\u00e9 consisten las mentor\u00edas?<br \/>\nNuestras mentor\u00edas est\u00e1n dise\u00f1adas para brindarte un enfoque estrat\u00e9gico y personalizado a trav\u00e9s de 2 sesiones virtuales:<\/p>\n<ul>\n<li>Primera sesi\u00f3n (30 minutos): Identificar desaf\u00edos y establecer metas.<\/li>\n<li>Segunda sesi\u00f3n (60 minutos): Profundice en soluciones pr\u00e1cticas y efectivas.<\/li>\n<li>Las sesiones est\u00e1n espaciadas con 7 d\u00edas de diferencia, lo que le brinda tiempo para reflexionar sobre lo que ha aprendido y aplicar lo discutido.<\/li>\n<\/ul>\n<p>\u00bfListo para llevar su negocio al siguiente nivel?<br \/>\nSi siente que su negocio est\u00e1 estancado o enfrenta obst\u00e1culos que no sabe c\u00f3mo superar, nuestras tutor\u00edas son la clave para desbloquear su verdadero potencial. Con estrategias personalizadas y orientaci\u00f3n pr\u00e1ctica, lo ayudaremos a tomar decisiones clave que marcar\u00e1n la diferencia. Este es el momento perfecto para invertir en el crecimiento de su negocio y comenzar a ver resultados tangibles. No pierdas la oportunidad de transformar tu negocio y llevarlo a nuevas alturas. \u00a1Empieza hoy!<\/p>","protected":false},"featured_media":2169,"comment_status":"open","ping_status":"closed","template":"","meta":{"_monsterinsights_skip_tracking":false,"_monsterinsights_sitenote_active":false,"_monsterinsights_sitenote_note":"","_monsterinsights_sitenote_category":0,"site-sidebar-layout":"default","site-content-layout":"","ast-site-content-layout":"default","site-content-style":"default","site-sidebar-style":"default","ast-global-header-display":"","ast-banner-title-visibility":"","ast-main-header-display":"","ast-hfb-above-header-display":"","ast-hfb-below-header-display":"","ast-hfb-mobile-header-display":"","site-post-title":"","ast-breadcrumbs-content":"","ast-featured-img":"","footer-sml-layout":"","ast-disable-related-posts":"","theme-transparent-header-meta":"default","adv-header-id-meta":"","stick-header-meta":"","header-above-stick-meta":"","header-main-stick-meta":"","header-below-stick-meta":"","astra-migrate-meta-layouts":"set","ast-page-background-enabled":"default","ast-page-background-meta":{"desktop":{"background-color":"var(--ast-global-color-5)","background-image":"","background-repeat":"repeat","background-position":"center center","background-size":"auto","background-attachment":"scroll","background-type":"","background-media":"","overlay-type":"","overlay-color":"","overlay-opacity":"","overlay-gradient":""},"tablet":{"background-color":"","background-image":"","background-repeat":"repeat","background-position":"center center","background-size":"auto","background-attachment":"scroll","background-type":"","background-media":"","overlay-type":"","overlay-color":"","overlay-opacity":"","overlay-gradient":""},"mobile":{"background-color":"","background-image":"","background-repeat":"repeat","background-position":"center center","background-size":"auto","background-attachment":"scroll","background-type":"","background-media":"","overlay-type":"","overlay-color":"","overlay-opacity":"","overlay-gradient":""}},"ast-content-background-meta":{"desktop":{"background-color":"var(--ast-global-color-4)","background-image":"","background-repeat":"repeat","background-position":"center center","background-size":"auto","background-attachment":"scroll","background-type":"","background-media":"","overlay-type":"","overlay-color":"","overlay-opacity":"","overlay-gradient":""},"tablet":{"background-color":"var(--ast-global-color-4)","background-image":"","background-repeat":"repeat","background-position":"center center","background-size":"auto","background-attachment":"scroll","background-type":"","background-media":"","overlay-type":"","overlay-color":"","overlay-opacity":"","overlay-gradient":""},"mobile":{"background-color":"var(--ast-global-color-4)","background-image":"","background-repeat":"repeat","background-position":"center center","background-size":"auto","background-attachment":"scroll","background-type":"","background-media":"","overlay-type":"","overlay-color":"","overlay-opacity":"","overlay-gradient":""}},"_joinchat":[]},"product_brand":[],"product_cat":[35,36,26],"product_tag":[],"class_list":{"0":"post-1999","1":"product","2":"type-product","3":"status-publish","4":"has-post-thumbnail","6":"product_cat-consulting","7":"product_cat-marketing-digital","8":"product_cat-social-media","9":"desktop-align-left","10":"tablet-align-left","11":"mobile-align-left","13":"first","14":"instock","15":"virtual","16":"taxable","17":"purchasable","18":"product-type-simple"},"yoast_head":"<!-- This site is optimized with the Yoast SEO Premium plugin v26.2 (Yoast SEO v26.2) - https:\/\/yoast.com\/wordpress\/plugins\/seo\/ -->\n<title>Mentor\u00edas empresariales - Eliza Rojas Studio<\/title>\n<meta name=\"description\" content=\"-\" \/>\n<meta name=\"robots\" content=\"index, follow, max-snippet:-1, max-image-preview:large, max-video-preview:-1\" \/>\n<link rel=\"canonical\" href=\"https:\/\/studioelizarojas.com\/en\/product\/business-mentorships\/\" \/>\n<meta property=\"og:locale\" content=\"en_US\" \/>\n<meta property=\"og:type\" content=\"article\" \/>\n<meta property=\"og:title\" content=\"Mentor\u00edas empresariales\" \/>\n<meta property=\"og:description\" content=\"Eliza Rojas Studio\" \/>\n<meta property=\"og:url\" content=\"https:\/\/studioelizarojas.com\/en\/product\/business-mentorships\/\" \/>\n<meta property=\"og:site_name\" content=\"Eliza Rojas Studio\" \/>\n<meta property=\"article:publisher\" content=\"https:\/\/www.facebook.com\/share\/r\/15et6XLyN1\/\" \/>\n<meta property=\"article:modified_time\" content=\"2025-08-15T17:02:13+00:00\" \/>\n<meta property=\"og:image\" content=\"https:\/\/studioelizarojas.com\/wp-content\/uploads\/2025\/08\/3-1.png\" \/>\n\t<meta property=\"og:image:width\" content=\"1080\" \/>\n\t<meta property=\"og:image:height\" content=\"1080\" \/>\n\t<meta property=\"og:image:type\" content=\"image\/png\" \/>\n<meta name=\"twitter:card\" content=\"summary_large_image\" \/>\n<meta name=\"twitter:label1\" content=\"Est. reading time\" \/>\n\t<meta name=\"twitter:data1\" content=\"1 minute\" \/>\n<script type=\"application\/ld+json\" class=\"yoast-schema-graph\">{\"@context\":\"https:\/\/schema.org\",\"@graph\":[{\"@type\":\"WebPage\",\"@id\":\"https:\/\/studioelizarojas.com\/product\/business-mentorships\/\",\"url\":\"https:\/\/studioelizarojas.com\/product\/business-mentorships\/\",\"name\":\"Mentor\u00edas empresariales - Eliza Rojas Studio\",\"isPartOf\":{\"@id\":\"https:\/\/studioelizarojas.com\/#website\"},\"primaryImageOfPage\":{\"@id\":\"https:\/\/studioelizarojas.com\/product\/business-mentorships\/#primaryimage\"},\"image\":{\"@id\":\"https:\/\/studioelizarojas.com\/product\/business-mentorships\/#primaryimage\"},\"thumbnailUrl\":\"https:\/\/studioelizarojas.com\/wp-content\/uploads\/2025\/08\/3-1.png\",\"datePublished\":\"2024-12-06T15:18:51+00:00\",\"dateModified\":\"2025-08-15T17:02:13+00:00\",\"description\":\"-\",\"breadcrumb\":{\"@id\":\"https:\/\/studioelizarojas.com\/product\/business-mentorships\/#breadcrumb\"},\"inLanguage\":\"en-US\",\"potentialAction\":[{\"@type\":\"ReadAction\",\"target\":[\"https:\/\/studioelizarojas.com\/product\/business-mentorships\/\"]}]},{\"@type\":\"ImageObject\",\"inLanguage\":\"en-US\",\"@id\":\"https:\/\/studioelizarojas.com\/product\/business-mentorships\/#primaryimage\",\"url\":\"https:\/\/studioelizarojas.com\/wp-content\/uploads\/2025\/08\/3-1.png\",\"contentUrl\":\"https:\/\/studioelizarojas.com\/wp-content\/uploads\/2025\/08\/3-1.png\",\"width\":1080,\"height\":1080},{\"@type\":\"BreadcrumbList\",\"@id\":\"https:\/\/studioelizarojas.com\/product\/business-mentorships\/#breadcrumb\",\"itemListElement\":[{\"@type\":\"ListItem\",\"position\":1,\"name\":\"Portada\",\"item\":\"https:\/\/studioelizarojas.com\/\"},{\"@type\":\"ListItem\",\"position\":2,\"name\":\"Nuestra Tienda\",\"item\":\"https:\/\/studioelizarojas.com\/shop\/\"},{\"@type\":\"ListItem\",\"position\":3,\"name\":\"Mentor\u00edas empresariales\"}]},{\"@type\":\"WebSite\",\"@id\":\"https:\/\/studioelizarojas.com\/#website\",\"url\":\"https:\/\/studioelizarojas.com\/\",\"name\":\"Eliza Rojas Studio\",\"description\":\"Somos un estudio creativo dedicado a desarrollar productos \u00fanicos que inspiran y conectan.\",\"publisher\":{\"@id\":\"https:\/\/studioelizarojas.com\/#organization\"},\"alternateName\":\"Studio Eliza Rojas\",\"potentialAction\":[{\"@type\":\"SearchAction\",\"target\":{\"@type\":\"EntryPoint\",\"urlTemplate\":\"https:\/\/studioelizarojas.com\/?s={search_term_string}\"},\"query-input\":{\"@type\":\"PropertyValueSpecification\",\"valueRequired\":true,\"valueName\":\"search_term_string\"}}],\"inLanguage\":\"en-US\"},{\"@type\":\"Organization\",\"@id\":\"https:\/\/studioelizarojas.com\/#organization\",\"name\":\"Eliza Rojas Studio\",\"alternateName\":\"Studio Eliza Rojas\",\"url\":\"https:\/\/studioelizarojas.com\/\",\"logo\":{\"@type\":\"ImageObject\",\"inLanguage\":\"en-US\",\"@id\":\"https:\/\/studioelizarojas.com\/#\/schema\/logo\/image\/\",\"url\":\"https:\/\/studioelizarojas.com\/wp-content\/uploads\/2024\/11\/Eliza-Rojas-2-e1733407528252.png\",\"contentUrl\":\"https:\/\/studioelizarojas.com\/wp-content\/uploads\/2024\/11\/Eliza-Rojas-2-e1733407528252.png\",\"width\":300,\"height\":236,\"caption\":\"Eliza Rojas Studio\"},\"image\":{\"@id\":\"https:\/\/studioelizarojas.com\/#\/schema\/logo\/image\/\"},\"sameAs\":[\"https:\/\/www.facebook.com\/share\/r\/15et6XLyN1\/\",\"https:\/\/www.instagram.com\/studioelizarojas\/\",\"https:\/\/www.tiktok.com\/@studioelizarojas\"],\"description\":\"En Eliza Rojas Studio, no solo dise\u00f1amos estrategias personalizadas para que tu negocio crezca y destaque en el mercado, tambi\u00e9n somos un estudio creativo dedicado a desarrollar productos \u00fanicos que inspiran y conectan.\",\"email\":\"info@studioelizarojas.com\",\"telephone\":\"04125978662\",\"legalName\":\"Eliza Rojas Studio\",\"foundingDate\":\"2017-09-23\",\"vatID\":\"27725861-0\",\"numberOfEmployees\":{\"@type\":\"QuantitativeValue\",\"minValue\":\"1\",\"maxValue\":\"10\"},\"publishingPrinciples\":\"https:\/\/studioelizarojas.com\/\",\"actionableFeedbackPolicy\":\"https:\/\/studioelizarojas.com\/shop\/\"}]}<\/script>\n<!-- \/ Yoast SEO Premium plugin. -->","yoast_head_json":{"title":"Mentor\u00edas empresariales - Eliza Rojas Studio","description":"-","robots":{"index":"index","follow":"follow","max-snippet":"max-snippet:-1","max-image-preview":"max-image-preview:large","max-video-preview":"max-video-preview:-1"},"canonical":"https:\/\/studioelizarojas.com\/en\/product\/business-mentorships\/","og_locale":"en_US","og_type":"article","og_title":"Mentor\u00edas empresariales","og_description":"Eliza Rojas Studio","og_url":"https:\/\/studioelizarojas.com\/en\/product\/business-mentorships\/","og_site_name":"Eliza Rojas Studio","article_publisher":"https:\/\/www.facebook.com\/share\/r\/15et6XLyN1\/","article_modified_time":"2025-08-15T17:02:13+00:00","og_image":[{"width":1080,"height":1080,"url":"https:\/\/studioelizarojas.com\/wp-content\/uploads\/2025\/08\/3-1.png","type":"image\/png"}],"twitter_card":"summary_large_image","twitter_misc":{"Est. reading time":"1 minute"},"schema":{"@context":"https:\/\/schema.org","@graph":[{"@type":"WebPage","@id":"https:\/\/studioelizarojas.com\/product\/business-mentorships\/","url":"https:\/\/studioelizarojas.com\/product\/business-mentorships\/","name":"Mentor\u00edas empresariales - Eliza Rojas Studio","isPartOf":{"@id":"https:\/\/studioelizarojas.com\/#website"},"primaryImageOfPage":{"@id":"https:\/\/studioelizarojas.com\/product\/business-mentorships\/#primaryimage"},"image":{"@id":"https:\/\/studioelizarojas.com\/product\/business-mentorships\/#primaryimage"},"thumbnailUrl":"https:\/\/studioelizarojas.com\/wp-content\/uploads\/2025\/08\/3-1.png","datePublished":"2024-12-06T15:18:51+00:00","dateModified":"2025-08-15T17:02:13+00:00","description":"-","breadcrumb":{"@id":"https:\/\/studioelizarojas.com\/product\/business-mentorships\/#breadcrumb"},"inLanguage":"en-US","potentialAction":[{"@type":"ReadAction","target":["https:\/\/studioelizarojas.com\/product\/business-mentorships\/"]}]},{"@type":"ImageObject","inLanguage":"en-US","@id":"https:\/\/studioelizarojas.com\/product\/business-mentorships\/#primaryimage","url":"https:\/\/studioelizarojas.com\/wp-content\/uploads\/2025\/08\/3-1.png","contentUrl":"https:\/\/studioelizarojas.com\/wp-content\/uploads\/2025\/08\/3-1.png","width":1080,"height":1080},{"@type":"BreadcrumbList","@id":"https:\/\/studioelizarojas.com\/product\/business-mentorships\/#breadcrumb","itemListElement":[{"@type":"ListItem","position":1,"name":"Portada","item":"https:\/\/studioelizarojas.com\/"},{"@type":"ListItem","position":2,"name":"Nuestra Tienda","item":"https:\/\/studioelizarojas.com\/shop\/"},{"@type":"ListItem","position":3,"name":"Mentor\u00edas empresariales"}]},{"@type":"WebSite","@id":"https:\/\/studioelizarojas.com\/#website","url":"https:\/\/studioelizarojas.com\/","name":"Eliza Rojas Studio","description":"Somos un estudio creativo dedicado a desarrollar productos \u00fanicos que inspiran y conectan.","publisher":{"@id":"https:\/\/studioelizarojas.com\/#organization"},"alternateName":"Studio Eliza Rojas","potentialAction":[{"@type":"SearchAction","target":{"@type":"EntryPoint","urlTemplate":"https:\/\/studioelizarojas.com\/?s={search_term_string}"},"query-input":{"@type":"PropertyValueSpecification","valueRequired":true,"valueName":"search_term_string"}}],"inLanguage":"en-US"},{"@type":"Organization","@id":"https:\/\/studioelizarojas.com\/#organization","name":"Eliza Rojas Studio","alternateName":"Studio Eliza Rojas","url":"https:\/\/studioelizarojas.com\/","logo":{"@type":"ImageObject","inLanguage":"en-US","@id":"https:\/\/studioelizarojas.com\/#\/schema\/logo\/image\/","url":"https:\/\/studioelizarojas.com\/wp-content\/uploads\/2024\/11\/Eliza-Rojas-2-e1733407528252.png","contentUrl":"https:\/\/studioelizarojas.com\/wp-content\/uploads\/2024\/11\/Eliza-Rojas-2-e1733407528252.png","width":300,"height":236,"caption":"Eliza Rojas Studio"},"image":{"@id":"https:\/\/studioelizarojas.com\/#\/schema\/logo\/image\/"},"sameAs":["https:\/\/www.facebook.com\/share\/r\/15et6XLyN1\/","https:\/\/www.instagram.com\/studioelizarojas\/","https:\/\/www.tiktok.com\/@studioelizarojas"],"description":"At Eliza Rojas Studio, we not only design personalized strategies for your business to grow and stand out in the market, we are also a creative studio dedicated to developing unique products that inspire and connect.","email":"info@studioelizarojas.com","telephone":"04125978662","legalName":"Eliza Rojas Studio","foundingDate":"2017-09-23","vatID":"27725861-0","numberOfEmployees":{"@type":"QuantitativeValue","minValue":"1","maxValue":"10"},"publishingPrinciples":"https:\/\/studioelizarojas.com\/","actionableFeedbackPolicy":"https:\/\/studioelizarojas.com\/shop\/"}]}},"_links":{"self":[{"href":"https:\/\/studioelizarojas.com\/en\/wp-json\/wp\/v2\/product\/1999","targetHints":{"allow":["GET"]}}],"collection":[{"href":"https:\/\/studioelizarojas.com\/en\/wp-json\/wp\/v2\/product"}],"about":[{"href":"https:\/\/studioelizarojas.com\/en\/wp-json\/wp\/v2\/types\/product"}],"replies":[{"embeddable":true,"href":"https:\/\/studioelizarojas.com\/en\/wp-json\/wp\/v2\/comments?post=1999"}],"wp:featuredmedia":[{"embeddable":true,"href":"https:\/\/studioelizarojas.com\/en\/wp-json\/wp\/v2\/media\/2169"}],"wp:attachment":[{"href":"https:\/\/studioelizarojas.com\/en\/wp-json\/wp\/v2\/media?parent=1999"}],"wp:term":[{"taxonomy":"product_brand","embeddable":true,"href":"https:\/\/studioelizarojas.com\/en\/wp-json\/wp\/v2\/product_brand?post=1999"},{"taxonomy":"product_cat","embeddable":true,"href":"https:\/\/studioelizarojas.com\/en\/wp-json\/wp\/v2\/product_cat?post=1999"},{"taxonomy":"product_tag","embeddable":true,"href":"https:\/\/studioelizarojas.com\/en\/wp-json\/wp\/v2\/product_tag?post=1999"}],"curies":[{"name":"wp","href":"https:\/\/api.w.org\/{rel}","templated":true}]}}