{"id":1994,"date":"2024-12-06T15:13:41","date_gmt":"2024-12-06T15:13:41","guid":{"rendered":"https:\/\/studioelizarojas.com\/?post_type=product&#038;p=1994"},"modified":"2025-08-15T17:01:08","modified_gmt":"2025-08-15T17:01:08","slug":"custom-songs-for-celebrations-birthdays-weddings-and-brands","status":"publish","type":"product","link":"https:\/\/studioelizarojas.com\/en\/product\/custom-songs-for-celebrations-birthdays-weddings-and-brands\/","title":{"rendered":"Canciones personalizadas para celebraciones, cumplea\u00f1os, bodas y marcas"},"content":{"rendered":"<p>Haz tu pedido ahora y regala momentos m\u00e1gicos.<br \/>\nPerfecto para cualquier ocasi\u00f3n: cumplea\u00f1os, aniversarios, bodas, San Valent\u00edn o simplemente para hacer sentir especial a alguien. Haz tu pedido hoy mismo y revive tus recuerdos con la m\u00fasica.<\/p>\n<p>Disfruta de nuestras canciones en YouTube:<\/p>\n<p><img decoding=\"async\" class=\"an1 lazyload\" draggable=\"false\" data-src=\"https:\/\/fonts.gstatic.com\/s\/e\/notoemoji\/15.1\/2705\/32.png\" alt=\"\u2705\" data-emoji=\"\u2705\" aria-label=\"\u2705\" src=\"data:image\/svg+xml;base64,PHN2ZyB3aWR0aD0iMSIgaGVpZ2h0PSIxIiB4bWxucz0iaHR0cDovL3d3dy53My5vcmcvMjAwMC9zdmciPjwvc3ZnPg==\" \/>\u00a0Song to Manifest Your Soulmate (Magicstarseed):\u00a0<a href=\"https:\/\/youtu.be\/c4ybgmfLtQM?si=VZO9nCR9QZ3AOJXf\" target=\"_blank\" rel=\"noopener\" data-saferedirecturl=\"https:\/\/www.google.com\/url?q=https:\/\/youtu.be\/c4ybgmfLtQM?si%3DVZO9nCR9QZ3AOJXf&amp;source=gmail&amp;ust=1733583490002000&amp;usg=AOvVaw2_s2d99-8VVlbZ0kEndyZh\">https:\/\/youtu.be\/c4ybgmfLtQM?<wbr \/>si=VZO9nCR9QZ3AOJXf<\/a><br \/>\n<img decoding=\"async\" class=\"an1 lazyload\" draggable=\"false\" data-src=\"https:\/\/fonts.gstatic.com\/s\/e\/notoemoji\/15.1\/2705\/32.png\" alt=\"\u2705\" data-emoji=\"\u2705\" aria-label=\"\u2705\" src=\"data:image\/svg+xml;base64,PHN2ZyB3aWR0aD0iMSIgaGVpZ2h0PSIxIiB4bWxucz0iaHR0cDovL3d3dy53My5vcmcvMjAwMC9zdmciPjwvc3ZnPg==\" \/>\u00a0Music to Relax, Ease Anxiety, and Clear Your Mind:\u00a0<a href=\"https:\/\/youtu.be\/H7fs8-Tx8a4?si=oa5YYCvHjaRhQ1us\" target=\"_blank\" rel=\"noopener\" data-saferedirecturl=\"https:\/\/www.google.com\/url?q=https:\/\/youtu.be\/H7fs8-Tx8a4?si%3Doa5YYCvHjaRhQ1us&amp;source=gmail&amp;ust=1733583490002000&amp;usg=AOvVaw0_iEMoC0KsE7dAxaXZQIJE\">https:\/\/youtu.be\/H7fs8-Tx8a4?<wbr \/>si=oa5YYCvHjaRhQ1us<\/a><br \/>\n<img decoding=\"async\" class=\"an1 lazyload\" draggable=\"false\" data-src=\"https:\/\/fonts.gstatic.com\/s\/e\/notoemoji\/15.1\/2705\/32.png\" alt=\"\u2705\" data-emoji=\"\u2705\" aria-label=\"\u2705\" src=\"data:image\/svg+xml;base64,PHN2ZyB3aWR0aD0iMSIgaGVpZ2h0PSIxIiB4bWxucz0iaHR0cDovL3d3dy53My5vcmcvMjAwMC9zdmciPjwvc3ZnPg==\" \/>\u00a0Manifestation Anthem for Powerful Women:\u00a0<a href=\"https:\/\/youtu.be\/Rjr-3xUkaU4?si=K-amwfdTiIeq7ORh\" target=\"_blank\" rel=\"noopener\" data-saferedirecturl=\"https:\/\/www.google.com\/url?q=https:\/\/youtu.be\/Rjr-3xUkaU4?si%3DK-amwfdTiIeq7ORh&amp;source=gmail&amp;ust=1733583490002000&amp;usg=AOvVaw0V_nDkxOpRyEBpyjBM7qN-\">https:\/\/youtu.be\/Rjr-3xUkaU4?<wbr \/>si=K-amwfdTiIeq7ORh<\/a><br \/>\n<img decoding=\"async\" class=\"an1 lazyload\" draggable=\"false\" data-src=\"https:\/\/fonts.gstatic.com\/s\/e\/notoemoji\/15.1\/2705\/32.png\" alt=\"\u2705\" data-emoji=\"\u2705\" aria-label=\"\u2705\" src=\"data:image\/svg+xml;base64,PHN2ZyB3aWR0aD0iMSIgaGVpZ2h0PSIxIiB4bWxucz0iaHR0cDovL3d3dy53My5vcmcvMjAwMC9zdmciPjwvc3ZnPg==\" \/>\u00a0Magicstarseed Manifestation Anthem:\u00a0<a href=\"https:\/\/youtu.be\/fIenGpM5CpI?si=DtBQZYyv74e6JwEP\" target=\"_blank\" rel=\"noopener\" data-saferedirecturl=\"https:\/\/www.google.com\/url?q=https:\/\/youtu.be\/fIenGpM5CpI?si%3DDtBQZYyv74e6JwEP&amp;source=gmail&amp;ust=1733583490002000&amp;usg=AOvVaw0uozlbjBmKVXkwh9793I4M\">https:\/\/youtu.be\/fIenGpM5CpI?<wbr \/>si=DtBQZYyv74e6JwEP<\/a><\/p>\n<p dir=\"auto\">Cada canci\u00f3n que creamos es una obra maestra \u00fanica, elaborada con cari\u00f1o y amor para que sea tan especial como la persona a la que va dirigida. Perm\u00edtenos ayudarte a crear un regalo que no solo conmueva el coraz\u00f3n de tus seres queridos, sino que tambi\u00e9n les llegue al alma cada vez que la escuchen.<\/p>","protected":false},"excerpt":{"rendered":"<p>Sorprende a tus seres queridos con una canci\u00f3n personalizada, creada especialmente para celebrar momentos \u00fanicos y especiales.<\/p>\n<p>En Eliza Rojas Studio, nos especializamos en transformar tus recuerdos y emociones en melod\u00edas que llegar\u00e1n al coraz\u00f3n de tus seres queridos. Perfectas para cualquier ocasi\u00f3n: cumplea\u00f1os, aniversarios, bodas o celebraciones especiales, nuestras canciones capturan la esencia de cada momento con un toque de magia.<\/p>\n<p>Nuestro proceso:<\/p>\n<p>Comparte tu historia: Al realizar tu pedido, cu\u00e9ntanos los detalles importantes: nombres, fechas significativas, recuerdos preciados y cualquier otra informaci\u00f3n que desees incluir en la canci\u00f3n.<br \/>\nCreaci\u00f3n personalizada: Compondremos una canci\u00f3n \u00fanica basada en tus historias y emociones, adaptando la letra y la melod\u00eda para transmitir tu mensaje a la perfecci\u00f3n.<br \/>\nRevisi\u00f3n y aprobaci\u00f3n: Recibir\u00e1s la letra para que la revisemos y nos aseguremos de que todo est\u00e9 perfecto antes de pasar a la grabaci\u00f3n final.<br \/>\nRecibe tu canci\u00f3n: Recibir\u00e1s una canci\u00f3n producida profesionalmente, lista para disfrutar y compartir con tus seres queridos.<\/p>\n<p>Momentos inolvidables, m\u00fasica \u00fanica<br \/>\nNuestras canciones no son solo regalos; son experiencias que inmortalizan tus recuerdos m\u00e1s preciados, transform\u00e1ndolos en melod\u00edas que perdurar\u00e1n para siempre.<\/p>","protected":false},"featured_media":2171,"comment_status":"open","ping_status":"closed","template":"","meta":{"_monsterinsights_skip_tracking":false,"_monsterinsights_sitenote_active":false,"_monsterinsights_sitenote_note":"","_monsterinsights_sitenote_category":0,"site-sidebar-layout":"default","site-content-layout":"","ast-site-content-layout":"default","site-content-style":"default","site-sidebar-style":"default","ast-global-header-display":"","ast-banner-title-visibility":"","ast-main-header-display":"","ast-hfb-above-header-display":"","ast-hfb-below-header-display":"","ast-hfb-mobile-header-display":"","site-post-title":"","ast-breadcrumbs-content":"","ast-featured-img":"","footer-sml-layout":"","ast-disable-related-posts":"","theme-transparent-header-meta":"default","adv-header-id-meta":"","stick-header-meta":"","header-above-stick-meta":"","header-main-stick-meta":"","header-below-stick-meta":"","astra-migrate-meta-layouts":"set","ast-page-background-enabled":"default","ast-page-background-meta":{"desktop":{"background-color":"var(--ast-global-color-5)","background-image":"","background-repeat":"repeat","background-position":"center center","background-size":"auto","background-attachment":"scroll","background-type":"","background-media":"","overlay-type":"","overlay-color":"","overlay-opacity":"","overlay-gradient":""},"tablet":{"background-color":"","background-image":"","background-repeat":"repeat","background-position":"center center","background-size":"auto","background-attachment":"scroll","background-type":"","background-media":"","overlay-type":"","overlay-color":"","overlay-opacity":"","overlay-gradient":""},"mobile":{"background-color":"","background-image":"","background-repeat":"repeat","background-position":"center center","background-size":"auto","background-attachment":"scroll","background-type":"","background-media":"","overlay-type":"","overlay-color":"","overlay-opacity":"","overlay-gradient":""}},"ast-content-background-meta":{"desktop":{"background-color":"var(--ast-global-color-4)","background-image":"","background-repeat":"repeat","background-position":"center center","background-size":"auto","background-attachment":"scroll","background-type":"","background-media":"","overlay-type":"","overlay-color":"","overlay-opacity":"","overlay-gradient":""},"tablet":{"background-color":"var(--ast-global-color-4)","background-image":"","background-repeat":"repeat","background-position":"center center","background-size":"auto","background-attachment":"scroll","background-type":"","background-media":"","overlay-type":"","overlay-color":"","overlay-opacity":"","overlay-gradient":""},"mobile":{"background-color":"var(--ast-global-color-4)","background-image":"","background-repeat":"repeat","background-position":"center center","background-size":"auto","background-attachment":"scroll","background-type":"","background-media":"","overlay-type":"","overlay-color":"","overlay-opacity":"","overlay-gradient":""}},"_joinchat":[]},"product_brand":[],"product_cat":[34],"product_tag":[],"class_list":{"0":"post-1994","1":"product","2":"type-product","3":"status-publish","4":"has-post-thumbnail","6":"product_cat-branding","7":"desktop-align-left","8":"tablet-align-left","9":"mobile-align-left","11":"first","12":"instock","13":"virtual","14":"taxable","15":"purchasable","16":"product-type-simple"},"yoast_head":"<!-- This site is optimized with the Yoast SEO Premium plugin v26.2 (Yoast SEO v26.2) - https:\/\/yoast.com\/wordpress\/plugins\/seo\/ -->\n<title>Canciones personalizadas para celebraciones, cumplea\u00f1os, bodas y marcas - Eliza Rojas Studio<\/title>\n<meta name=\"description\" content=\"-\" \/>\n<meta name=\"robots\" content=\"index, follow, max-snippet:-1, max-image-preview:large, max-video-preview:-1\" \/>\n<link rel=\"canonical\" href=\"https:\/\/studioelizarojas.com\/en\/product\/custom-songs-for-celebrations-birthdays-weddings-and-brands\/\" \/>\n<meta property=\"og:locale\" content=\"en_US\" \/>\n<meta property=\"og:type\" content=\"article\" \/>\n<meta property=\"og:title\" content=\"Canciones personalizadas para celebraciones, cumplea\u00f1os, bodas y marcas\" \/>\n<meta property=\"og:description\" content=\"Eliza Rojas Studio\" \/>\n<meta property=\"og:url\" content=\"https:\/\/studioelizarojas.com\/en\/product\/custom-songs-for-celebrations-birthdays-weddings-and-brands\/\" \/>\n<meta property=\"og:site_name\" content=\"Eliza Rojas Studio\" \/>\n<meta property=\"article:publisher\" content=\"https:\/\/www.facebook.com\/share\/r\/15et6XLyN1\/\" \/>\n<meta property=\"article:modified_time\" content=\"2025-08-15T17:01:08+00:00\" \/>\n<meta property=\"og:image\" content=\"https:\/\/studioelizarojas.com\/wp-content\/uploads\/2025\/08\/1-3.png\" \/>\n\t<meta property=\"og:image:width\" content=\"1080\" \/>\n\t<meta property=\"og:image:height\" content=\"1080\" \/>\n\t<meta property=\"og:image:type\" content=\"image\/png\" \/>\n<meta name=\"twitter:card\" content=\"summary_large_image\" \/>\n<meta name=\"twitter:label1\" content=\"Est. reading time\" \/>\n\t<meta name=\"twitter:data1\" content=\"1 minute\" \/>\n<script type=\"application\/ld+json\" class=\"yoast-schema-graph\">{\"@context\":\"https:\/\/schema.org\",\"@graph\":[{\"@type\":\"WebPage\",\"@id\":\"https:\/\/studioelizarojas.com\/product\/custom-songs-for-celebrations-birthdays-weddings-and-brands\/\",\"url\":\"https:\/\/studioelizarojas.com\/product\/custom-songs-for-celebrations-birthdays-weddings-and-brands\/\",\"name\":\"Canciones personalizadas para celebraciones, cumplea\u00f1os, bodas y marcas - Eliza Rojas Studio\",\"isPartOf\":{\"@id\":\"https:\/\/studioelizarojas.com\/#website\"},\"primaryImageOfPage\":{\"@id\":\"https:\/\/studioelizarojas.com\/product\/custom-songs-for-celebrations-birthdays-weddings-and-brands\/#primaryimage\"},\"image\":{\"@id\":\"https:\/\/studioelizarojas.com\/product\/custom-songs-for-celebrations-birthdays-weddings-and-brands\/#primaryimage\"},\"thumbnailUrl\":\"https:\/\/studioelizarojas.com\/wp-content\/uploads\/2025\/08\/1-3.png\",\"datePublished\":\"2024-12-06T15:13:41+00:00\",\"dateModified\":\"2025-08-15T17:01:08+00:00\",\"description\":\"-\",\"breadcrumb\":{\"@id\":\"https:\/\/studioelizarojas.com\/product\/custom-songs-for-celebrations-birthdays-weddings-and-brands\/#breadcrumb\"},\"inLanguage\":\"en-US\",\"potentialAction\":[{\"@type\":\"ReadAction\",\"target\":[\"https:\/\/studioelizarojas.com\/product\/custom-songs-for-celebrations-birthdays-weddings-and-brands\/\"]}]},{\"@type\":\"ImageObject\",\"inLanguage\":\"en-US\",\"@id\":\"https:\/\/studioelizarojas.com\/product\/custom-songs-for-celebrations-birthdays-weddings-and-brands\/#primaryimage\",\"url\":\"https:\/\/studioelizarojas.com\/wp-content\/uploads\/2025\/08\/1-3.png\",\"contentUrl\":\"https:\/\/studioelizarojas.com\/wp-content\/uploads\/2025\/08\/1-3.png\",\"width\":1080,\"height\":1080},{\"@type\":\"BreadcrumbList\",\"@id\":\"https:\/\/studioelizarojas.com\/product\/custom-songs-for-celebrations-birthdays-weddings-and-brands\/#breadcrumb\",\"itemListElement\":[{\"@type\":\"ListItem\",\"position\":1,\"name\":\"Portada\",\"item\":\"https:\/\/studioelizarojas.com\/\"},{\"@type\":\"ListItem\",\"position\":2,\"name\":\"Nuestra Tienda\",\"item\":\"https:\/\/studioelizarojas.com\/shop\/\"},{\"@type\":\"ListItem\",\"position\":3,\"name\":\"Canciones personalizadas para celebraciones, cumplea\u00f1os, bodas y marcas\"}]},{\"@type\":\"WebSite\",\"@id\":\"https:\/\/studioelizarojas.com\/#website\",\"url\":\"https:\/\/studioelizarojas.com\/\",\"name\":\"Eliza Rojas Studio\",\"description\":\"Somos un estudio creativo dedicado a desarrollar productos \u00fanicos que inspiran y conectan.\",\"publisher\":{\"@id\":\"https:\/\/studioelizarojas.com\/#organization\"},\"alternateName\":\"Studio Eliza Rojas\",\"potentialAction\":[{\"@type\":\"SearchAction\",\"target\":{\"@type\":\"EntryPoint\",\"urlTemplate\":\"https:\/\/studioelizarojas.com\/?s={search_term_string}\"},\"query-input\":{\"@type\":\"PropertyValueSpecification\",\"valueRequired\":true,\"valueName\":\"search_term_string\"}}],\"inLanguage\":\"en-US\"},{\"@type\":\"Organization\",\"@id\":\"https:\/\/studioelizarojas.com\/#organization\",\"name\":\"Eliza Rojas Studio\",\"alternateName\":\"Studio Eliza Rojas\",\"url\":\"https:\/\/studioelizarojas.com\/\",\"logo\":{\"@type\":\"ImageObject\",\"inLanguage\":\"en-US\",\"@id\":\"https:\/\/studioelizarojas.com\/#\/schema\/logo\/image\/\",\"url\":\"https:\/\/studioelizarojas.com\/wp-content\/uploads\/2024\/11\/Eliza-Rojas-2-e1733407528252.png\",\"contentUrl\":\"https:\/\/studioelizarojas.com\/wp-content\/uploads\/2024\/11\/Eliza-Rojas-2-e1733407528252.png\",\"width\":300,\"height\":236,\"caption\":\"Eliza Rojas Studio\"},\"image\":{\"@id\":\"https:\/\/studioelizarojas.com\/#\/schema\/logo\/image\/\"},\"sameAs\":[\"https:\/\/www.facebook.com\/share\/r\/15et6XLyN1\/\",\"https:\/\/www.instagram.com\/studioelizarojas\/\",\"https:\/\/www.tiktok.com\/@studioelizarojas\"],\"description\":\"En Eliza Rojas Studio, no solo dise\u00f1amos estrategias personalizadas para que tu negocio crezca y destaque en el mercado, tambi\u00e9n somos un estudio creativo dedicado a desarrollar productos \u00fanicos que inspiran y conectan.\",\"email\":\"info@studioelizarojas.com\",\"telephone\":\"04125978662\",\"legalName\":\"Eliza Rojas Studio\",\"foundingDate\":\"2017-09-23\",\"vatID\":\"27725861-0\",\"numberOfEmployees\":{\"@type\":\"QuantitativeValue\",\"minValue\":\"1\",\"maxValue\":\"10\"},\"publishingPrinciples\":\"https:\/\/studioelizarojas.com\/\",\"actionableFeedbackPolicy\":\"https:\/\/studioelizarojas.com\/shop\/\"}]}<\/script>\n<!-- \/ Yoast SEO Premium plugin. -->","yoast_head_json":{"title":"Canciones personalizadas para celebraciones, cumplea\u00f1os, bodas y marcas - Eliza Rojas Studio","description":"-","robots":{"index":"index","follow":"follow","max-snippet":"max-snippet:-1","max-image-preview":"max-image-preview:large","max-video-preview":"max-video-preview:-1"},"canonical":"https:\/\/studioelizarojas.com\/en\/product\/custom-songs-for-celebrations-birthdays-weddings-and-brands\/","og_locale":"en_US","og_type":"article","og_title":"Canciones personalizadas para celebraciones, cumplea\u00f1os, bodas y marcas","og_description":"Eliza Rojas Studio","og_url":"https:\/\/studioelizarojas.com\/en\/product\/custom-songs-for-celebrations-birthdays-weddings-and-brands\/","og_site_name":"Eliza Rojas Studio","article_publisher":"https:\/\/www.facebook.com\/share\/r\/15et6XLyN1\/","article_modified_time":"2025-08-15T17:01:08+00:00","og_image":[{"width":1080,"height":1080,"url":"https:\/\/studioelizarojas.com\/wp-content\/uploads\/2025\/08\/1-3.png","type":"image\/png"}],"twitter_card":"summary_large_image","twitter_misc":{"Est. reading time":"1 minute"},"schema":{"@context":"https:\/\/schema.org","@graph":[{"@type":"WebPage","@id":"https:\/\/studioelizarojas.com\/product\/custom-songs-for-celebrations-birthdays-weddings-and-brands\/","url":"https:\/\/studioelizarojas.com\/product\/custom-songs-for-celebrations-birthdays-weddings-and-brands\/","name":"Canciones personalizadas para celebraciones, cumplea\u00f1os, bodas y marcas - Eliza Rojas Studio","isPartOf":{"@id":"https:\/\/studioelizarojas.com\/#website"},"primaryImageOfPage":{"@id":"https:\/\/studioelizarojas.com\/product\/custom-songs-for-celebrations-birthdays-weddings-and-brands\/#primaryimage"},"image":{"@id":"https:\/\/studioelizarojas.com\/product\/custom-songs-for-celebrations-birthdays-weddings-and-brands\/#primaryimage"},"thumbnailUrl":"https:\/\/studioelizarojas.com\/wp-content\/uploads\/2025\/08\/1-3.png","datePublished":"2024-12-06T15:13:41+00:00","dateModified":"2025-08-15T17:01:08+00:00","description":"-","breadcrumb":{"@id":"https:\/\/studioelizarojas.com\/product\/custom-songs-for-celebrations-birthdays-weddings-and-brands\/#breadcrumb"},"inLanguage":"en-US","potentialAction":[{"@type":"ReadAction","target":["https:\/\/studioelizarojas.com\/product\/custom-songs-for-celebrations-birthdays-weddings-and-brands\/"]}]},{"@type":"ImageObject","inLanguage":"en-US","@id":"https:\/\/studioelizarojas.com\/product\/custom-songs-for-celebrations-birthdays-weddings-and-brands\/#primaryimage","url":"https:\/\/studioelizarojas.com\/wp-content\/uploads\/2025\/08\/1-3.png","contentUrl":"https:\/\/studioelizarojas.com\/wp-content\/uploads\/2025\/08\/1-3.png","width":1080,"height":1080},{"@type":"BreadcrumbList","@id":"https:\/\/studioelizarojas.com\/product\/custom-songs-for-celebrations-birthdays-weddings-and-brands\/#breadcrumb","itemListElement":[{"@type":"ListItem","position":1,"name":"Portada","item":"https:\/\/studioelizarojas.com\/"},{"@type":"ListItem","position":2,"name":"Nuestra Tienda","item":"https:\/\/studioelizarojas.com\/shop\/"},{"@type":"ListItem","position":3,"name":"Canciones personalizadas para celebraciones, cumplea\u00f1os, bodas y marcas"}]},{"@type":"WebSite","@id":"https:\/\/studioelizarojas.com\/#website","url":"https:\/\/studioelizarojas.com\/","name":"Eliza Rojas Studio","description":"Somos un estudio creativo dedicado a desarrollar productos \u00fanicos que inspiran y conectan.","publisher":{"@id":"https:\/\/studioelizarojas.com\/#organization"},"alternateName":"Studio Eliza Rojas","potentialAction":[{"@type":"SearchAction","target":{"@type":"EntryPoint","urlTemplate":"https:\/\/studioelizarojas.com\/?s={search_term_string}"},"query-input":{"@type":"PropertyValueSpecification","valueRequired":true,"valueName":"search_term_string"}}],"inLanguage":"en-US"},{"@type":"Organization","@id":"https:\/\/studioelizarojas.com\/#organization","name":"Eliza Rojas Studio","alternateName":"Studio Eliza Rojas","url":"https:\/\/studioelizarojas.com\/","logo":{"@type":"ImageObject","inLanguage":"en-US","@id":"https:\/\/studioelizarojas.com\/#\/schema\/logo\/image\/","url":"https:\/\/studioelizarojas.com\/wp-content\/uploads\/2024\/11\/Eliza-Rojas-2-e1733407528252.png","contentUrl":"https:\/\/studioelizarojas.com\/wp-content\/uploads\/2024\/11\/Eliza-Rojas-2-e1733407528252.png","width":300,"height":236,"caption":"Eliza Rojas Studio"},"image":{"@id":"https:\/\/studioelizarojas.com\/#\/schema\/logo\/image\/"},"sameAs":["https:\/\/www.facebook.com\/share\/r\/15et6XLyN1\/","https:\/\/www.instagram.com\/studioelizarojas\/","https:\/\/www.tiktok.com\/@studioelizarojas"],"description":"At Eliza Rojas Studio, we not only design personalized strategies for your business to grow and stand out in the market, we are also a creative studio dedicated to developing unique products that inspire and connect.","email":"info@studioelizarojas.com","telephone":"04125978662","legalName":"Eliza Rojas Studio","foundingDate":"2017-09-23","vatID":"27725861-0","numberOfEmployees":{"@type":"QuantitativeValue","minValue":"1","maxValue":"10"},"publishingPrinciples":"https:\/\/studioelizarojas.com\/","actionableFeedbackPolicy":"https:\/\/studioelizarojas.com\/shop\/"}]}},"_links":{"self":[{"href":"https:\/\/studioelizarojas.com\/en\/wp-json\/wp\/v2\/product\/1994","targetHints":{"allow":["GET"]}}],"collection":[{"href":"https:\/\/studioelizarojas.com\/en\/wp-json\/wp\/v2\/product"}],"about":[{"href":"https:\/\/studioelizarojas.com\/en\/wp-json\/wp\/v2\/types\/product"}],"replies":[{"embeddable":true,"href":"https:\/\/studioelizarojas.com\/en\/wp-json\/wp\/v2\/comments?post=1994"}],"wp:featuredmedia":[{"embeddable":true,"href":"https:\/\/studioelizarojas.com\/en\/wp-json\/wp\/v2\/media\/2171"}],"wp:attachment":[{"href":"https:\/\/studioelizarojas.com\/en\/wp-json\/wp\/v2\/media?parent=1994"}],"wp:term":[{"taxonomy":"product_brand","embeddable":true,"href":"https:\/\/studioelizarojas.com\/en\/wp-json\/wp\/v2\/product_brand?post=1994"},{"taxonomy":"product_cat","embeddable":true,"href":"https:\/\/studioelizarojas.com\/en\/wp-json\/wp\/v2\/product_cat?post=1994"},{"taxonomy":"product_tag","embeddable":true,"href":"https:\/\/studioelizarojas.com\/en\/wp-json\/wp\/v2\/product_tag?post=1994"}],"curies":[{"name":"wp","href":"https:\/\/api.w.org\/{rel}","templated":true}]}}