{"id":1941,"date":"2024-11-30T01:12:05","date_gmt":"2024-11-30T01:12:05","guid":{"rendered":"https:\/\/studioelizarojas.com\/?post_type=product&#038;p=1941"},"modified":"2026-02-26T00:31:22","modified_gmt":"2026-02-26T00:31:22","slug":"web-design-to-boost-your-business","status":"publish","type":"product","link":"https:\/\/studioelizarojas.com\/en\/product\/web-design-to-boost-your-business\/","title":{"rendered":"Dise\u00f1o web para impulsar su negocio"},"content":{"rendered":"<p>Beneficios de todos nuestros planes<br \/>\nDise\u00f1o estrat\u00e9gico enfocado en resultados: Optimizado para atraer clientes, aumentar las ventas y posicionar su marca como l\u00edder en su sector.<br \/>\nPresencia online efectiva: Sitios web dise\u00f1ados para funcionar a la perfecci\u00f3n en todos los dispositivos, garantizando una experiencia impecable para los usuarios en m\u00f3viles, tabletas y ordenadores.<\/p>\n<p>Optimizaci\u00f3n de marketing digital: Incluye herramientas SEO y una estructura adaptada al tr\u00e1fico y a las campa\u00f1as de publicidad online.<br \/>\nApoyo continuo: Ofrecemos orientaci\u00f3n personalizada y manuales pr\u00e1cticos, lo que le da control total sobre su sitio web.<\/p>\n<p>Lo que nos distingue<br \/>\nSoluciones personalizables y escalables: Creamos sitios web \u00fanicos adaptados a las necesidades espec\u00edficas de su negocio, con funcionalidades avanzadas y opciones para integrar herramientas adicionales.<\/p>\n<p>Estrategias orientadas a resultados: Nuestros sitios web no solo se ven bien, sino que funcionan para usted, convirti\u00e9ndose en un canal activo para atraer clientes y aumentar las ventas.<\/p>\n<p>Compromiso con la excelencia: Cada proyecto es una oportunidad para demostrar nuestra experiencia, creatividad y dedicaci\u00f3n al \u00e9xito de nuestros clientes.<\/p>\n<p class=\"p1\"><span class=\"s1\">Cat\u00e1logo de nuestros trabajos recientes<\/span><\/p>\n<ul class=\"ul1\">\n<li class=\"li1\"><span class=\"s2\"><a href=\"https:\/\/airtecve.com\/\"><span class=\"s3\">https:\/\/airtecve.com\/<\/span><\/a><\/span><\/li>\n<li class=\"li1\"><span class=\"s2\"><a href=\"https:\/\/spvaloragregado.com\/\"><span class=\"s3\">https:\/\/spvaloragregado.com\/<\/span><\/a><\/span><\/li>\n<li class=\"li1\"><span class=\"s2\"><a href=\"https:\/\/magicstarseed.com\/\"><span class=\"s3\">https:\/\/magicstarseed.com\/<\/span><\/a><\/span><\/li>\n<li class=\"li1\"><span class=\"s2\"><a href=\"https:\/\/ewinet.com\/\"><span class=\"s3\">https:\/\/ewinet.com\/<\/span><\/a><\/span><\/li>\n<li class=\"li1\"><span class=\"s2\"><a href=\"https:\/\/leonycars2000.com\/\"><span class=\"s3\">https:\/\/leonycars2000.com\/<\/span><\/a><\/span><\/li>\n<li class=\"li1\"><span class=\"s2\"><a href=\"https:\/\/www.cleanvepro.com\/\"><span class=\"s3\">https:\/\/www.cleanvepro.com\/<\/span><\/a><\/span><\/li>\n<li><a href=\"https:\/\/dominarum.com\/\">https:\/\/dominarum.com<\/a><\/li>\n<li><a href=\"https:\/\/baliusve.com\/\">https:\/\/baliusve.com<\/a><\/li>\n<li><a href=\"https:\/\/supermaxvzla.com\/\">https:\/\/supermaxvzla.com<\/a><\/li>\n<li><a href=\"https:\/\/lapampave.com\/\"><strong>https:\/\/lapampave.com<\/strong><\/a><\/li>\n<li><strong><a href=\"https:\/\/mbtechnologyimport.com\">https:\/\/mbtechnologyimport.com<\/a><\/strong><\/li>\n<\/ul>\n<p class=\"p1\"><span class=\"s1\">\u00a1Haz crecer tu negocio con un sitio web dise\u00f1ado para el \u00e9xito!\u00a0<\/span><\/p>","protected":false},"excerpt":{"rendered":"<p>En el mundo digital, su sitio web es m\u00e1s que una simple tarjeta de presentaci\u00f3n: es una herramienta estrat\u00e9gica para mejorar su presencia en l\u00ednea, aumentar las ventas y conectar eficazmente con sus clientes. Nuestro enfoque combina un dise\u00f1o impactante con funcionalidades avanzadas para ayudar a su negocio a destacar y crecer.<\/p>","protected":false},"featured_media":2151,"comment_status":"open","ping_status":"closed","template":"","meta":{"_monsterinsights_skip_tracking":false,"_monsterinsights_sitenote_active":false,"_monsterinsights_sitenote_note":"","_monsterinsights_sitenote_category":0,"site-sidebar-layout":"default","site-content-layout":"","ast-site-content-layout":"default","site-content-style":"default","site-sidebar-style":"default","ast-global-header-display":"","ast-banner-title-visibility":"","ast-main-header-display":"","ast-hfb-above-header-display":"","ast-hfb-below-header-display":"","ast-hfb-mobile-header-display":"","site-post-title":"","ast-breadcrumbs-content":"","ast-featured-img":"","footer-sml-layout":"","ast-disable-related-posts":"","theme-transparent-header-meta":"default","adv-header-id-meta":"","stick-header-meta":"","header-above-stick-meta":"","header-main-stick-meta":"","header-below-stick-meta":"","astra-migrate-meta-layouts":"set","ast-page-background-enabled":"default","ast-page-background-meta":{"desktop":{"background-color":"var(--ast-global-color-5)","background-image":"","background-repeat":"repeat","background-position":"center center","background-size":"auto","background-attachment":"scroll","background-type":"","background-media":"","overlay-type":"","overlay-color":"","overlay-opacity":"","overlay-gradient":""},"tablet":{"background-color":"","background-image":"","background-repeat":"repeat","background-position":"center center","background-size":"auto","background-attachment":"scroll","background-type":"","background-media":"","overlay-type":"","overlay-color":"","overlay-opacity":"","overlay-gradient":""},"mobile":{"background-color":"","background-image":"","background-repeat":"repeat","background-position":"center center","background-size":"auto","background-attachment":"scroll","background-type":"","background-media":"","overlay-type":"","overlay-color":"","overlay-opacity":"","overlay-gradient":""}},"ast-content-background-meta":{"desktop":{"background-color":"var(--ast-global-color-4)","background-image":"","background-repeat":"repeat","background-position":"center center","background-size":"auto","background-attachment":"scroll","background-type":"","background-media":"","overlay-type":"","overlay-color":"","overlay-opacity":"","overlay-gradient":""},"tablet":{"background-color":"var(--ast-global-color-4)","background-image":"","background-repeat":"repeat","background-position":"center center","background-size":"auto","background-attachment":"scroll","background-type":"","background-media":"","overlay-type":"","overlay-color":"","overlay-opacity":"","overlay-gradient":""},"mobile":{"background-color":"var(--ast-global-color-4)","background-image":"","background-repeat":"repeat","background-position":"center center","background-size":"auto","background-attachment":"scroll","background-type":"","background-media":"","overlay-type":"","overlay-color":"","overlay-opacity":"","overlay-gradient":""}},"_joinchat":[]},"product_brand":[],"product_cat":[25],"product_tag":[],"class_list":{"0":"post-1941","1":"product","2":"type-product","3":"status-publish","4":"has-post-thumbnail","6":"product_cat-web-desing","7":"desktop-align-left","8":"tablet-align-left","9":"mobile-align-left","11":"first","12":"instock","13":"taxable","14":"shipping-taxable","15":"purchasable","16":"product-type-variable"},"yoast_head":"<!-- This site is optimized with the Yoast SEO Premium plugin v26.2 (Yoast SEO v26.2) - https:\/\/yoast.com\/wordpress\/plugins\/seo\/ -->\n<title>Dise\u00f1o web para impulsar su negocio - Eliza Rojas Studio<\/title>\n<meta name=\"description\" content=\"-\" \/>\n<meta name=\"robots\" content=\"index, follow, max-snippet:-1, max-image-preview:large, max-video-preview:-1\" \/>\n<link rel=\"canonical\" href=\"https:\/\/studioelizarojas.com\/en\/product\/web-design-to-boost-your-business\/\" \/>\n<meta property=\"og:locale\" content=\"en_US\" \/>\n<meta property=\"og:type\" content=\"article\" \/>\n<meta property=\"og:title\" content=\"Dise\u00f1o web para impulsar su negocio\" \/>\n<meta property=\"og:description\" content=\"Eliza Rojas Studio\" \/>\n<meta property=\"og:url\" content=\"https:\/\/studioelizarojas.com\/en\/product\/web-design-to-boost-your-business\/\" \/>\n<meta property=\"og:site_name\" content=\"Eliza Rojas Studio\" \/>\n<meta property=\"article:publisher\" content=\"https:\/\/www.facebook.com\/share\/r\/15et6XLyN1\/\" \/>\n<meta property=\"article:modified_time\" content=\"2026-02-26T00:31:22+00:00\" \/>\n<meta property=\"og:image\" content=\"https:\/\/studioelizarojas.com\/wp-content\/uploads\/2025\/07\/IMG_7124.jpeg\" \/>\n\t<meta property=\"og:image:width\" content=\"1024\" \/>\n\t<meta property=\"og:image:height\" content=\"1024\" \/>\n\t<meta property=\"og:image:type\" content=\"image\/jpeg\" \/>\n<meta name=\"twitter:card\" content=\"summary_large_image\" \/>\n<meta name=\"twitter:label1\" content=\"Est. reading time\" \/>\n\t<meta name=\"twitter:data1\" content=\"2 minutes\" \/>\n<script type=\"application\/ld+json\" class=\"yoast-schema-graph\">{\"@context\":\"https:\/\/schema.org\",\"@graph\":[{\"@type\":\"WebPage\",\"@id\":\"https:\/\/studioelizarojas.com\/product\/web-design-to-boost-your-business\/\",\"url\":\"https:\/\/studioelizarojas.com\/product\/web-design-to-boost-your-business\/\",\"name\":\"Dise\u00f1o web para impulsar su negocio - Eliza Rojas Studio\",\"isPartOf\":{\"@id\":\"https:\/\/studioelizarojas.com\/#website\"},\"primaryImageOfPage\":{\"@id\":\"https:\/\/studioelizarojas.com\/product\/web-design-to-boost-your-business\/#primaryimage\"},\"image\":{\"@id\":\"https:\/\/studioelizarojas.com\/product\/web-design-to-boost-your-business\/#primaryimage\"},\"thumbnailUrl\":\"https:\/\/studioelizarojas.com\/wp-content\/uploads\/2025\/07\/IMG_7124.jpeg\",\"datePublished\":\"2024-11-30T01:12:05+00:00\",\"dateModified\":\"2026-02-26T00:31:22+00:00\",\"description\":\"-\",\"breadcrumb\":{\"@id\":\"https:\/\/studioelizarojas.com\/product\/web-design-to-boost-your-business\/#breadcrumb\"},\"inLanguage\":\"en-US\",\"potentialAction\":[{\"@type\":\"ReadAction\",\"target\":[\"https:\/\/studioelizarojas.com\/product\/web-design-to-boost-your-business\/\"]}]},{\"@type\":\"ImageObject\",\"inLanguage\":\"en-US\",\"@id\":\"https:\/\/studioelizarojas.com\/product\/web-design-to-boost-your-business\/#primaryimage\",\"url\":\"https:\/\/studioelizarojas.com\/wp-content\/uploads\/2025\/07\/IMG_7124.jpeg\",\"contentUrl\":\"https:\/\/studioelizarojas.com\/wp-content\/uploads\/2025\/07\/IMG_7124.jpeg\",\"width\":1024,\"height\":1024},{\"@type\":\"BreadcrumbList\",\"@id\":\"https:\/\/studioelizarojas.com\/product\/web-design-to-boost-your-business\/#breadcrumb\",\"itemListElement\":[{\"@type\":\"ListItem\",\"position\":1,\"name\":\"Portada\",\"item\":\"https:\/\/studioelizarojas.com\/\"},{\"@type\":\"ListItem\",\"position\":2,\"name\":\"Nuestra Tienda\",\"item\":\"https:\/\/studioelizarojas.com\/shop\/\"},{\"@type\":\"ListItem\",\"position\":3,\"name\":\"Dise\u00f1o web para impulsar su negocio\"}]},{\"@type\":\"WebSite\",\"@id\":\"https:\/\/studioelizarojas.com\/#website\",\"url\":\"https:\/\/studioelizarojas.com\/\",\"name\":\"Eliza Rojas Studio\",\"description\":\"Somos un estudio creativo dedicado a desarrollar productos \u00fanicos que inspiran y conectan.\",\"publisher\":{\"@id\":\"https:\/\/studioelizarojas.com\/#organization\"},\"alternateName\":\"Studio Eliza Rojas\",\"potentialAction\":[{\"@type\":\"SearchAction\",\"target\":{\"@type\":\"EntryPoint\",\"urlTemplate\":\"https:\/\/studioelizarojas.com\/?s={search_term_string}\"},\"query-input\":{\"@type\":\"PropertyValueSpecification\",\"valueRequired\":true,\"valueName\":\"search_term_string\"}}],\"inLanguage\":\"en-US\"},{\"@type\":\"Organization\",\"@id\":\"https:\/\/studioelizarojas.com\/#organization\",\"name\":\"Eliza Rojas Studio\",\"alternateName\":\"Studio Eliza Rojas\",\"url\":\"https:\/\/studioelizarojas.com\/\",\"logo\":{\"@type\":\"ImageObject\",\"inLanguage\":\"en-US\",\"@id\":\"https:\/\/studioelizarojas.com\/#\/schema\/logo\/image\/\",\"url\":\"https:\/\/studioelizarojas.com\/wp-content\/uploads\/2024\/11\/Eliza-Rojas-2-e1733407528252.png\",\"contentUrl\":\"https:\/\/studioelizarojas.com\/wp-content\/uploads\/2024\/11\/Eliza-Rojas-2-e1733407528252.png\",\"width\":300,\"height\":236,\"caption\":\"Eliza Rojas Studio\"},\"image\":{\"@id\":\"https:\/\/studioelizarojas.com\/#\/schema\/logo\/image\/\"},\"sameAs\":[\"https:\/\/www.facebook.com\/share\/r\/15et6XLyN1\/\",\"https:\/\/www.instagram.com\/studioelizarojas\/\",\"https:\/\/www.tiktok.com\/@studioelizarojas\"],\"description\":\"En Eliza Rojas Studio, no solo dise\u00f1amos estrategias personalizadas para que tu negocio crezca y destaque en el mercado, tambi\u00e9n somos un estudio creativo dedicado a desarrollar productos \u00fanicos que inspiran y conectan.\",\"email\":\"info@studioelizarojas.com\",\"telephone\":\"04125978662\",\"legalName\":\"Eliza Rojas Studio\",\"foundingDate\":\"2017-09-23\",\"vatID\":\"27725861-0\",\"numberOfEmployees\":{\"@type\":\"QuantitativeValue\",\"minValue\":\"1\",\"maxValue\":\"10\"},\"publishingPrinciples\":\"https:\/\/studioelizarojas.com\/\",\"actionableFeedbackPolicy\":\"https:\/\/studioelizarojas.com\/shop\/\"}]}<\/script>\n<!-- \/ Yoast SEO Premium plugin. -->","yoast_head_json":{"title":"Dise\u00f1o web para impulsar su negocio - Eliza Rojas Studio","description":"-","robots":{"index":"index","follow":"follow","max-snippet":"max-snippet:-1","max-image-preview":"max-image-preview:large","max-video-preview":"max-video-preview:-1"},"canonical":"https:\/\/studioelizarojas.com\/en\/product\/web-design-to-boost-your-business\/","og_locale":"en_US","og_type":"article","og_title":"Dise\u00f1o web para impulsar su negocio","og_description":"Eliza Rojas Studio","og_url":"https:\/\/studioelizarojas.com\/en\/product\/web-design-to-boost-your-business\/","og_site_name":"Eliza Rojas Studio","article_publisher":"https:\/\/www.facebook.com\/share\/r\/15et6XLyN1\/","article_modified_time":"2026-02-26T00:31:22+00:00","og_image":[{"width":1024,"height":1024,"url":"https:\/\/studioelizarojas.com\/wp-content\/uploads\/2025\/07\/IMG_7124.jpeg","type":"image\/jpeg"}],"twitter_card":"summary_large_image","twitter_misc":{"Est. reading time":"2 minutes"},"schema":{"@context":"https:\/\/schema.org","@graph":[{"@type":"WebPage","@id":"https:\/\/studioelizarojas.com\/product\/web-design-to-boost-your-business\/","url":"https:\/\/studioelizarojas.com\/product\/web-design-to-boost-your-business\/","name":"Dise\u00f1o web para impulsar su negocio - Eliza Rojas Studio","isPartOf":{"@id":"https:\/\/studioelizarojas.com\/#website"},"primaryImageOfPage":{"@id":"https:\/\/studioelizarojas.com\/product\/web-design-to-boost-your-business\/#primaryimage"},"image":{"@id":"https:\/\/studioelizarojas.com\/product\/web-design-to-boost-your-business\/#primaryimage"},"thumbnailUrl":"https:\/\/studioelizarojas.com\/wp-content\/uploads\/2025\/07\/IMG_7124.jpeg","datePublished":"2024-11-30T01:12:05+00:00","dateModified":"2026-02-26T00:31:22+00:00","description":"-","breadcrumb":{"@id":"https:\/\/studioelizarojas.com\/product\/web-design-to-boost-your-business\/#breadcrumb"},"inLanguage":"en-US","potentialAction":[{"@type":"ReadAction","target":["https:\/\/studioelizarojas.com\/product\/web-design-to-boost-your-business\/"]}]},{"@type":"ImageObject","inLanguage":"en-US","@id":"https:\/\/studioelizarojas.com\/product\/web-design-to-boost-your-business\/#primaryimage","url":"https:\/\/studioelizarojas.com\/wp-content\/uploads\/2025\/07\/IMG_7124.jpeg","contentUrl":"https:\/\/studioelizarojas.com\/wp-content\/uploads\/2025\/07\/IMG_7124.jpeg","width":1024,"height":1024},{"@type":"BreadcrumbList","@id":"https:\/\/studioelizarojas.com\/product\/web-design-to-boost-your-business\/#breadcrumb","itemListElement":[{"@type":"ListItem","position":1,"name":"Portada","item":"https:\/\/studioelizarojas.com\/"},{"@type":"ListItem","position":2,"name":"Nuestra Tienda","item":"https:\/\/studioelizarojas.com\/shop\/"},{"@type":"ListItem","position":3,"name":"Dise\u00f1o web para impulsar su negocio"}]},{"@type":"WebSite","@id":"https:\/\/studioelizarojas.com\/#website","url":"https:\/\/studioelizarojas.com\/","name":"Eliza Rojas Studio","description":"Somos un estudio creativo dedicado a desarrollar productos \u00fanicos que inspiran y conectan.","publisher":{"@id":"https:\/\/studioelizarojas.com\/#organization"},"alternateName":"Studio Eliza Rojas","potentialAction":[{"@type":"SearchAction","target":{"@type":"EntryPoint","urlTemplate":"https:\/\/studioelizarojas.com\/?s={search_term_string}"},"query-input":{"@type":"PropertyValueSpecification","valueRequired":true,"valueName":"search_term_string"}}],"inLanguage":"en-US"},{"@type":"Organization","@id":"https:\/\/studioelizarojas.com\/#organization","name":"Eliza Rojas Studio","alternateName":"Studio Eliza Rojas","url":"https:\/\/studioelizarojas.com\/","logo":{"@type":"ImageObject","inLanguage":"en-US","@id":"https:\/\/studioelizarojas.com\/#\/schema\/logo\/image\/","url":"https:\/\/studioelizarojas.com\/wp-content\/uploads\/2024\/11\/Eliza-Rojas-2-e1733407528252.png","contentUrl":"https:\/\/studioelizarojas.com\/wp-content\/uploads\/2024\/11\/Eliza-Rojas-2-e1733407528252.png","width":300,"height":236,"caption":"Eliza Rojas Studio"},"image":{"@id":"https:\/\/studioelizarojas.com\/#\/schema\/logo\/image\/"},"sameAs":["https:\/\/www.facebook.com\/share\/r\/15et6XLyN1\/","https:\/\/www.instagram.com\/studioelizarojas\/","https:\/\/www.tiktok.com\/@studioelizarojas"],"description":"At Eliza Rojas Studio, we not only design personalized strategies for your business to grow and stand out in the market, we are also a creative studio dedicated to developing unique products that inspire and connect.","email":"info@studioelizarojas.com","telephone":"04125978662","legalName":"Eliza Rojas Studio","foundingDate":"2017-09-23","vatID":"27725861-0","numberOfEmployees":{"@type":"QuantitativeValue","minValue":"1","maxValue":"10"},"publishingPrinciples":"https:\/\/studioelizarojas.com\/","actionableFeedbackPolicy":"https:\/\/studioelizarojas.com\/shop\/"}]}},"_links":{"self":[{"href":"https:\/\/studioelizarojas.com\/en\/wp-json\/wp\/v2\/product\/1941","targetHints":{"allow":["GET"]}}],"collection":[{"href":"https:\/\/studioelizarojas.com\/en\/wp-json\/wp\/v2\/product"}],"about":[{"href":"https:\/\/studioelizarojas.com\/en\/wp-json\/wp\/v2\/types\/product"}],"replies":[{"embeddable":true,"href":"https:\/\/studioelizarojas.com\/en\/wp-json\/wp\/v2\/comments?post=1941"}],"wp:featuredmedia":[{"embeddable":true,"href":"https:\/\/studioelizarojas.com\/en\/wp-json\/wp\/v2\/media\/2151"}],"wp:attachment":[{"href":"https:\/\/studioelizarojas.com\/en\/wp-json\/wp\/v2\/media?parent=1941"}],"wp:term":[{"taxonomy":"product_brand","embeddable":true,"href":"https:\/\/studioelizarojas.com\/en\/wp-json\/wp\/v2\/product_brand?post=1941"},{"taxonomy":"product_cat","embeddable":true,"href":"https:\/\/studioelizarojas.com\/en\/wp-json\/wp\/v2\/product_cat?post=1941"},{"taxonomy":"product_tag","embeddable":true,"href":"https:\/\/studioelizarojas.com\/en\/wp-json\/wp\/v2\/product_tag?post=1941"}],"curies":[{"name":"wp","href":"https:\/\/api.w.org\/{rel}","templated":true}]}}