{"id":1747,"date":"2024-11-21T20:34:13","date_gmt":"2024-11-21T20:34:13","guid":{"rendered":"https:\/\/studioelizarojas.com\/?page_id=1747"},"modified":"2025-10-15T15:49:44","modified_gmt":"2025-10-15T15:49:44","slug":"terminos-y-condiciones","status":"publish","type":"page","link":"https:\/\/studioelizarojas.com\/en\/terminos-y-condiciones\/","title":{"rendered":"T\u00e9rminos y condiciones"},"content":{"rendered":"<div data-elementor-type=\"wp-page\" data-elementor-id=\"1747\" class=\"elementor elementor-1747\" data-elementor-post-type=\"page\">\n\t\t\t\t<div data-particle_enable=\"false\" data-particle-mobile-disabled=\"false\" class=\"elementor-element elementor-element-58344ad e-flex e-con-boxed e-con e-parent\" data-id=\"58344ad\" data-element_type=\"container\" data-e-type=\"container\" data-settings=\"{&quot;background_background&quot;:&quot;classic&quot;}\">\n\t\t\t\t\t<div class=\"e-con-inner\">\n\t\t\t\t<div class=\"elementor-element elementor-element-0146596 elementor-widget elementor-widget-heading\" data-id=\"0146596\" data-element_type=\"widget\" data-e-type=\"widget\" data-widget_type=\"heading.default\">\n\t\t\t\t<div class=\"elementor-widget-container\">\n\t\t\t\t\t<h2 class=\"elementor-heading-title elementor-size-default\">T\u00e9rminos y Condiciones<\/h2>\t\t\t\t<\/div>\n\t\t\t\t<\/div>\n\t\t\t\t\t<\/div>\n\t\t\t\t<\/div>\n\t\t<div data-particle_enable=\"false\" data-particle-mobile-disabled=\"false\" class=\"elementor-element elementor-element-58c7465f e-flex e-con-boxed e-con e-parent\" data-id=\"58c7465f\" data-element_type=\"container\" data-e-type=\"container\">\n\t\t\t\t\t<div class=\"e-con-inner\">\n\t\t\t\t<div class=\"elementor-element elementor-element-630cce01 elementor-widget elementor-widget-text-editor\" data-id=\"630cce01\" data-element_type=\"widget\" data-e-type=\"widget\" data-widget_type=\"text-editor.default\">\n\t\t\t\t<div class=\"elementor-widget-container\">\n\t\t\t\t\t\t\t\t\t<p>T\u00c9RMINOS Y CONDICIONES \u2013 ELIZA ROJAS STUDIO<\/p>\n<p>1. Introducci\u00f3n<\/p>\n<p>El presente documento establece los T\u00e9rminos y Condiciones que regulan el acceso y uso de los servicios ofrecidos por Eliza Rojas Studio (en adelante, \u201cla Marca\u201d o \u201cla Empresa\u201d) a trav\u00e9s de su plataforma digital y dem\u00e1s medios oficiales de comunicaci\u00f3n.<br \/>Al contratar cualquier servicio, el cliente acepta expresamente las condiciones aqu\u00ed descritas. Si el usuario no est\u00e1 de acuerdo con alguna de ellas, deber\u00e1 abstenerse de utilizar los servicios.<\/p>\n<p>2. Servicios ofrecidos<\/p>\n<p>Eliza Rojas Studio ofrece servicios digitales profesionales, entre ellos:<\/p>\n<p>Dise\u00f1o y desarrollo de sitios web.<br \/>Dise\u00f1o y desarrollo de aplicaciones web.<br \/>Realidad aumentada y experiencias interactivas.<br \/>Dise\u00f1o gr\u00e1fico y branding.<br \/>Marketing digital y manejo de redes sociales.<br \/>Asesor\u00edas personalizadas y productos digitales descargables.<br \/>La Empresa podr\u00e1 ampliar, modificar o actualizar sus servicios en cualquier momento sin previo aviso.<\/p>\n<p>3. Contrataci\u00f3n de servicios<\/p>\n<p>El cliente deber\u00e1 proporcionar toda la informaci\u00f3n requerida por la Empresa para iniciar el proyecto.<\/p>\n<p>El plazo de entrega ser\u00e1 estipulado por la Marca y comunicado al cliente antes de iniciar el servicio.<br \/>Una vez acordado el presupuesto y el alcance, el cliente deber\u00e1 abonar el pago correspondiente a trav\u00e9s de los medios autorizados (principalmente PayPal).<br \/>La falta de pago en los tiempos estipulados podr\u00e1 ocasionar la suspensi\u00f3n temporal o definitiva del servicio.<\/p>\n<p>4. Entrega de informaci\u00f3n por parte del cliente<\/p>\n<p>El cliente dispone de un plazo m\u00e1ximo de 30 d\u00edas para entregar todo el material necesario para iniciar o continuar el proyecto (textos, im\u00e1genes, datos, accesos, entre otros).<br \/>Si el cliente no cumple con este plazo, deber\u00e1 cancelar una renovaci\u00f3n adicional del servicio por el tiempo excedido, seg\u00fan las tarifas vigentes establecidas por la Marca.<\/p>\n<p>5. Hosting, dominio y mantenimiento<\/p>\n<p>Eliza Rojas Studio ser\u00e1 el proveedor principal de hosting y dominio de todos los proyectos realizados, hasta que el cliente decida cambiar de proveedor.<\/p>\n<p>En caso de solicitar la migraci\u00f3n o cambio de proveedor, el cliente deber\u00e1 cancelar el servicio adicional de cambio, seg\u00fan el monto estipulado por la Marca.<br \/>Si el dominio y\/o hosting vence, el cliente deber\u00e1 abonar el pago correspondiente a la renovaci\u00f3n del dominio, hosting y reconexi\u00f3n de los servicios web.<br \/>Los costos de renovaci\u00f3n o reconexi\u00f3n se establecer\u00e1n seg\u00fan las tarifas vigentes al momento del pago.<\/p>\n<p>6. Garant\u00eda y soporte<\/p>\n<p>Eliza Rojas Studio ofrece una garant\u00eda y soporte gratuito durante los primeros 30 d\u00edas posteriores a la entrega oficial del proyecto.<br \/>Finalizado este per\u00edodo, cualquier modificaci\u00f3n, soporte t\u00e9cnico o mantenimiento adicional deber\u00e1 ser contratado y abonado de forma separada.<\/p>\n<p>7. Pol\u00edticas de inactividad y eliminaci\u00f3n de datos<\/p>\n<p>Por motivos de seguridad y optimizaci\u00f3n de servicios:<\/p>\n<p>Si un cliente no realiza compras o contrataciones durante seis (6) meses consecutivos, los datos asociados a su cuenta o proyecto ser\u00e1n eliminados autom\u00e1ticamente del sistema.<br \/>Los clientes recurrentes que realizan compras cada tres meses podr\u00e1n disfrutar de descuentos, promociones, obsequios y precios exclusivos, seg\u00fan las pol\u00edticas vigentes de la Marca.<\/p>\n<p>8. Obligaciones del cliente en servicios de marketing digital<\/p>\n<p>El cliente deber\u00e1:<\/p>\n<p>Proporcionar toda la informaci\u00f3n y materiales solicitados por la Marca (accesos, im\u00e1genes, textos, logotipos, estrategias o referencias).<br \/>Cumplir con los tiempos de entrega de informaci\u00f3n para garantizar los resultados esperados.<br \/>Seguir las recomendaciones estrat\u00e9gicas y los planes de acci\u00f3n definidos por la Marca para asegurar resultados tangibles y satisfactorios.<br \/>Eliza Rojas Studio no se hace responsable de la falta de resultados si el cliente incumple con los plazos o no proporciona la informaci\u00f3n solicitada.<\/p>\n<p>9. Propiedad intelectual<\/p>\n<p>Todos los contenidos, dise\u00f1os, c\u00f3digos, estructuras, ilustraciones, material gr\u00e1fico, estrategias y desarrollos creados por Eliza Rojas Studio son propiedad intelectual de la Marca.<br \/>No podr\u00e1n ser copiados, modificados, reutilizados o redistribuidos sin autorizaci\u00f3n expresa y por escrito.<br \/>Eliza Rojas Studio se reserva todos los derechos sobre sus desarrollos, proyectos, dise\u00f1os y obras creativas, salvo acuerdo contractual espec\u00edfico que indique lo contrario.<\/p>\n<p>10. Pol\u00edtica de reembolsos<\/p>\n<p>Debido a la naturaleza digital y personalizada de los servicios, no se realizan reembolsos una vez iniciado el proyecto o entregado el producto digital, salvo que exista un error atribuible a la Empresa y debidamente comprobado.<br \/>Cada solicitud de reembolso ser\u00e1 evaluada individualmente.<\/p>\n<p>11. Limitaci\u00f3n de responsabilidad<\/p>\n<p>Eliza Rojas Studio no ser\u00e1 responsable de p\u00e9rdidas, da\u00f1os o perjuicios derivados del mal uso de los servicios, errores en la informaci\u00f3n suministrada por el cliente o interrupciones causadas por terceros ajenos (proveedores de hosting, plataformas de pago, redes sociales, entre otros).<\/p>\n<p>12. Contacto<\/p>\n<p>Para cualquier duda o consulta sobre estos T\u00e9rminos y Condiciones, los usuarios podr\u00e1n escribir a:<br \/>\u00a0soporte@studioelizarojas.com<\/p>\n<p>POL\u00cdTICA DE PRIVACIDAD Y PROTECCI\u00d3N DE DATOS PERSONALES<\/p>\n<p>1. Recolecci\u00f3n de datos<\/p>\n<p>Eliza Rojas Studio recopila los datos personales de los usuarios \u00fanicamente con el prop\u00f3sito de ofrecer, gestionar y mejorar sus servicios. Esto incluye nombre, correo electr\u00f3nico, informaci\u00f3n de contacto y datos relacionados con los proyectos contratados.<\/p>\n<p>2. Uso de la informaci\u00f3n<\/p>\n<p>Los datos proporcionados ser\u00e1n utilizados para:<\/p>\n<p>Gestionar proyectos y solicitudes.<br \/>Brindar soporte y atenci\u00f3n al cliente.<br \/>Enviar actualizaciones, promociones y novedades (solo con consentimiento del usuario).<br \/>Cumplir con obligaciones legales y contractuales.<\/p>\n<p>3. Conservaci\u00f3n y eliminaci\u00f3n de datos<\/p>\n<p>La informaci\u00f3n personal se conservar\u00e1 mientras el cliente mantenga una relaci\u00f3n activa con la Marca.<br \/>Si el cliente permanece inactivo durante seis (6) meses consecutivos, los datos ser\u00e1n eliminados de manera autom\u00e1tica y definitiva de los registros.<\/p>\n<p>4. Seguridad de la informaci\u00f3n<\/p>\n<p>La Empresa implementa medidas de seguridad administrativas, t\u00e9cnicas y digitales para proteger la informaci\u00f3n contra accesos no autorizados, p\u00e9rdida o alteraci\u00f3n.<\/p>\n<p>5. Derechos del usuario<\/p>\n<p>El cliente podr\u00e1 solicitar en cualquier momento:<\/p>\n<p>Acceso a su informaci\u00f3n personal.<br \/>Correcci\u00f3n o actualizaci\u00f3n de sus datos.<br \/>Eliminaci\u00f3n de sus registros antes del plazo de seis meses, si as\u00ed lo desea.<br \/>Estas solicitudes deber\u00e1n realizarse por correo a soporte@studioelizarojas.com.<\/p>\n<p>6. Transferencia internacional de datos<\/p>\n<p>Los datos podr\u00e1n ser almacenados o procesados en servidores ubicados fuera del pa\u00eds de origen del usuario, siempre cumpliendo con las normativas internacionales de privacidad y seguridad digital.<\/p>\n<p>7. Consentimiento<\/p>\n<p>Al utilizar los servicios de Eliza Rojas Studio, el usuario declara haber le\u00eddo, comprendido y aceptado esta Pol\u00edtica de Privacidad.<\/p>\t\t\t\t\t\t\t\t<\/div>\n\t\t\t\t<\/div>\n\t\t\t\t\t<\/div>\n\t\t\t\t<\/div>\n\t\t\t\t<\/div>","protected":false},"excerpt":{"rendered":"<p>T\u00e9rminos y Condiciones T\u00c9RMINOS Y CONDICIONES \u2013 ELIZA ROJAS STUDIO 1. Introducci\u00f3n El presente documento establece los T\u00e9rminos y Condiciones que regulan el acceso y uso de los servicios ofrecidos por Eliza Rojas Studio (en adelante, \u201cla Marca\u201d o \u201cla Empresa\u201d) a trav\u00e9s de su plataforma digital y dem\u00e1s medios oficiales de comunicaci\u00f3n.Al contratar cualquier [&hellip;]<\/p>","protected":false},"author":1,"featured_media":0,"parent":0,"menu_order":0,"comment_status":"closed","ping_status":"closed","template":"elementor_header_footer","meta":{"_monsterinsights_skip_tracking":false,"_monsterinsights_sitenote_active":false,"_monsterinsights_sitenote_note":"","_monsterinsights_sitenote_category":0,"site-sidebar-layout":"default","site-content-layout":"","ast-site-content-layout":"default","site-content-style":"default","site-sidebar-style":"default","ast-global-header-display":"","ast-banner-title-visibility":"","ast-main-header-display":"","ast-hfb-above-header-display":"","ast-hfb-below-header-display":"","ast-hfb-mobile-header-display":"","site-post-title":"","ast-breadcrumbs-content":"","ast-featured-img":"","footer-sml-layout":"","ast-disable-related-posts":"","theme-transparent-header-meta":"","adv-header-id-meta":"","stick-header-meta":"","header-above-stick-meta":"","header-main-stick-meta":"","header-below-stick-meta":"","astra-migrate-meta-layouts":"set","ast-page-background-enabled":"default","ast-page-background-meta":{"desktop":{"background-color":"var(--ast-global-color-4)","background-image":"","background-repeat":"repeat","background-position":"center center","background-size":"auto","background-attachment":"scroll","background-type":"","background-media":"","overlay-type":"","overlay-color":"","overlay-opacity":"","overlay-gradient":""},"tablet":{"background-color":"","background-image":"","background-repeat":"repeat","background-position":"center center","background-size":"auto","background-attachment":"scroll","background-type":"","background-media":"","overlay-type":"","overlay-color":"","overlay-opacity":"","overlay-gradient":""},"mobile":{"background-color":"","background-image":"","background-repeat":"repeat","background-position":"center center","background-size":"auto","background-attachment":"scroll","background-type":"","background-media":"","overlay-type":"","overlay-color":"","overlay-opacity":"","overlay-gradient":""}},"ast-content-background-meta":{"desktop":{"background-color":"var(--ast-global-color-5)","background-image":"","background-repeat":"repeat","background-position":"center center","background-size":"auto","background-attachment":"scroll","background-type":"","background-media":"","overlay-type":"","overlay-color":"","overlay-opacity":"","overlay-gradient":""},"tablet":{"background-color":"var(--ast-global-color-5)","background-image":"","background-repeat":"repeat","background-position":"center center","background-size":"auto","background-attachment":"scroll","background-type":"","background-media":"","overlay-type":"","overlay-color":"","overlay-opacity":"","overlay-gradient":""},"mobile":{"background-color":"var(--ast-global-color-5)","background-image":"","background-repeat":"repeat","background-position":"center center","background-size":"auto","background-attachment":"scroll","background-type":"","background-media":"","overlay-type":"","overlay-color":"","overlay-opacity":"","overlay-gradient":""}},"_joinchat":[],"footnotes":""},"class_list":["post-1747","page","type-page","status-publish","hentry"],"yoast_head":"<!-- This site is optimized with the Yoast SEO Premium plugin v26.2 (Yoast SEO v26.2) - https:\/\/yoast.com\/wordpress\/plugins\/seo\/ -->\n<title>T\u00e9rminos y condiciones - Eliza Rojas Studio<\/title>\n<meta name=\"robots\" content=\"index, follow, max-snippet:-1, max-image-preview:large, max-video-preview:-1\" \/>\n<link rel=\"canonical\" href=\"https:\/\/studioelizarojas.com\/en\/terminos-y-condiciones\/\" \/>\n<meta property=\"og:locale\" content=\"en_US\" \/>\n<meta property=\"og:type\" content=\"article\" \/>\n<meta property=\"og:title\" content=\"T\u00e9rminos y condiciones\" \/>\n<meta property=\"og:url\" content=\"https:\/\/studioelizarojas.com\/en\/terminos-y-condiciones\/\" \/>\n<meta property=\"og:site_name\" content=\"Eliza Rojas Studio\" \/>\n<meta property=\"article:publisher\" content=\"https:\/\/www.facebook.com\/share\/r\/15et6XLyN1\/\" \/>\n<meta property=\"article:modified_time\" content=\"2025-10-15T15:49:44+00:00\" \/>\n<meta property=\"og:image\" content=\"https:\/\/studioelizarojas.com\/wp-content\/uploads\/2024\/11\/cropped-Eliza-Rojas-2.png\" \/>\n\t<meta property=\"og:image:width\" content=\"512\" \/>\n\t<meta property=\"og:image:height\" content=\"512\" \/>\n\t<meta property=\"og:image:type\" content=\"image\/png\" \/>\n<meta name=\"twitter:card\" content=\"summary_large_image\" \/>\n<meta name=\"twitter:label1\" content=\"Est. reading time\" \/>\n\t<meta name=\"twitter:data1\" content=\"5 minutes\" \/>\n<script type=\"application\/ld+json\" class=\"yoast-schema-graph\">{\"@context\":\"https:\/\/schema.org\",\"@graph\":[{\"@type\":\"WebPage\",\"@id\":\"https:\/\/studioelizarojas.com\/terminos-y-condiciones\/\",\"url\":\"https:\/\/studioelizarojas.com\/terminos-y-condiciones\/\",\"name\":\"T\u00e9rminos y condiciones - Eliza Rojas Studio\",\"isPartOf\":{\"@id\":\"https:\/\/studioelizarojas.com\/#website\"},\"datePublished\":\"2024-11-21T20:34:13+00:00\",\"dateModified\":\"2025-10-15T15:49:44+00:00\",\"breadcrumb\":{\"@id\":\"https:\/\/studioelizarojas.com\/terminos-y-condiciones\/#breadcrumb\"},\"inLanguage\":\"en-US\",\"potentialAction\":[{\"@type\":\"ReadAction\",\"target\":[\"https:\/\/studioelizarojas.com\/terminos-y-condiciones\/\"]}]},{\"@type\":\"BreadcrumbList\",\"@id\":\"https:\/\/studioelizarojas.com\/terminos-y-condiciones\/#breadcrumb\",\"itemListElement\":[{\"@type\":\"ListItem\",\"position\":1,\"name\":\"Portada\",\"item\":\"https:\/\/studioelizarojas.com\/\"},{\"@type\":\"ListItem\",\"position\":2,\"name\":\"T\u00e9rminos y condiciones\"}]},{\"@type\":\"WebSite\",\"@id\":\"https:\/\/studioelizarojas.com\/#website\",\"url\":\"https:\/\/studioelizarojas.com\/\",\"name\":\"Eliza Rojas Studio\",\"description\":\"Somos un estudio creativo dedicado a desarrollar productos \u00fanicos que inspiran y conectan.\",\"publisher\":{\"@id\":\"https:\/\/studioelizarojas.com\/#organization\"},\"alternateName\":\"Studio Eliza Rojas\",\"potentialAction\":[{\"@type\":\"SearchAction\",\"target\":{\"@type\":\"EntryPoint\",\"urlTemplate\":\"https:\/\/studioelizarojas.com\/?s={search_term_string}\"},\"query-input\":{\"@type\":\"PropertyValueSpecification\",\"valueRequired\":true,\"valueName\":\"search_term_string\"}}],\"inLanguage\":\"en-US\"},{\"@type\":\"Organization\",\"@id\":\"https:\/\/studioelizarojas.com\/#organization\",\"name\":\"Eliza Rojas Studio\",\"alternateName\":\"Studio Eliza Rojas\",\"url\":\"https:\/\/studioelizarojas.com\/\",\"logo\":{\"@type\":\"ImageObject\",\"inLanguage\":\"en-US\",\"@id\":\"https:\/\/studioelizarojas.com\/#\/schema\/logo\/image\/\",\"url\":\"https:\/\/studioelizarojas.com\/wp-content\/uploads\/2024\/11\/Eliza-Rojas-2-e1733407528252.png\",\"contentUrl\":\"https:\/\/studioelizarojas.com\/wp-content\/uploads\/2024\/11\/Eliza-Rojas-2-e1733407528252.png\",\"width\":300,\"height\":236,\"caption\":\"Eliza Rojas Studio\"},\"image\":{\"@id\":\"https:\/\/studioelizarojas.com\/#\/schema\/logo\/image\/\"},\"sameAs\":[\"https:\/\/www.facebook.com\/share\/r\/15et6XLyN1\/\",\"https:\/\/www.instagram.com\/studioelizarojas\/\",\"https:\/\/www.tiktok.com\/@studioelizarojas\"],\"description\":\"En Eliza Rojas Studio, no solo dise\u00f1amos estrategias personalizadas para que tu negocio crezca y destaque en el mercado, tambi\u00e9n somos un estudio creativo dedicado a desarrollar productos \u00fanicos que inspiran y conectan.\",\"email\":\"info@studioelizarojas.com\",\"telephone\":\"04125978662\",\"legalName\":\"Eliza Rojas Studio\",\"foundingDate\":\"2017-09-23\",\"vatID\":\"27725861-0\",\"numberOfEmployees\":{\"@type\":\"QuantitativeValue\",\"minValue\":\"1\",\"maxValue\":\"10\"},\"publishingPrinciples\":\"https:\/\/studioelizarojas.com\/\",\"actionableFeedbackPolicy\":\"https:\/\/studioelizarojas.com\/shop\/\"}]}<\/script>\n<!-- \/ Yoast SEO Premium plugin. -->","yoast_head_json":{"title":"T\u00e9rminos y condiciones - Eliza Rojas Studio","robots":{"index":"index","follow":"follow","max-snippet":"max-snippet:-1","max-image-preview":"max-image-preview:large","max-video-preview":"max-video-preview:-1"},"canonical":"https:\/\/studioelizarojas.com\/en\/terminos-y-condiciones\/","og_locale":"en_US","og_type":"article","og_title":"T\u00e9rminos y condiciones","og_url":"https:\/\/studioelizarojas.com\/en\/terminos-y-condiciones\/","og_site_name":"Eliza Rojas Studio","article_publisher":"https:\/\/www.facebook.com\/share\/r\/15et6XLyN1\/","article_modified_time":"2025-10-15T15:49:44+00:00","og_image":[{"width":512,"height":512,"url":"https:\/\/studioelizarojas.com\/wp-content\/uploads\/2024\/11\/cropped-Eliza-Rojas-2.png","type":"image\/png"}],"twitter_card":"summary_large_image","twitter_misc":{"Est. reading time":"5 minutes"},"schema":{"@context":"https:\/\/schema.org","@graph":[{"@type":"WebPage","@id":"https:\/\/studioelizarojas.com\/terminos-y-condiciones\/","url":"https:\/\/studioelizarojas.com\/terminos-y-condiciones\/","name":"T\u00e9rminos y condiciones - Eliza Rojas Studio","isPartOf":{"@id":"https:\/\/studioelizarojas.com\/#website"},"datePublished":"2024-11-21T20:34:13+00:00","dateModified":"2025-10-15T15:49:44+00:00","breadcrumb":{"@id":"https:\/\/studioelizarojas.com\/terminos-y-condiciones\/#breadcrumb"},"inLanguage":"en-US","potentialAction":[{"@type":"ReadAction","target":["https:\/\/studioelizarojas.com\/terminos-y-condiciones\/"]}]},{"@type":"BreadcrumbList","@id":"https:\/\/studioelizarojas.com\/terminos-y-condiciones\/#breadcrumb","itemListElement":[{"@type":"ListItem","position":1,"name":"Portada","item":"https:\/\/studioelizarojas.com\/"},{"@type":"ListItem","position":2,"name":"T\u00e9rminos y condiciones"}]},{"@type":"WebSite","@id":"https:\/\/studioelizarojas.com\/#website","url":"https:\/\/studioelizarojas.com\/","name":"Eliza Rojas Studio","description":"Somos un estudio creativo dedicado a desarrollar productos \u00fanicos que inspiran y conectan.","publisher":{"@id":"https:\/\/studioelizarojas.com\/#organization"},"alternateName":"Studio Eliza Rojas","potentialAction":[{"@type":"SearchAction","target":{"@type":"EntryPoint","urlTemplate":"https:\/\/studioelizarojas.com\/?s={search_term_string}"},"query-input":{"@type":"PropertyValueSpecification","valueRequired":true,"valueName":"search_term_string"}}],"inLanguage":"en-US"},{"@type":"Organization","@id":"https:\/\/studioelizarojas.com\/#organization","name":"Eliza Rojas Studio","alternateName":"Studio Eliza Rojas","url":"https:\/\/studioelizarojas.com\/","logo":{"@type":"ImageObject","inLanguage":"en-US","@id":"https:\/\/studioelizarojas.com\/#\/schema\/logo\/image\/","url":"https:\/\/studioelizarojas.com\/wp-content\/uploads\/2024\/11\/Eliza-Rojas-2-e1733407528252.png","contentUrl":"https:\/\/studioelizarojas.com\/wp-content\/uploads\/2024\/11\/Eliza-Rojas-2-e1733407528252.png","width":300,"height":236,"caption":"Eliza Rojas Studio"},"image":{"@id":"https:\/\/studioelizarojas.com\/#\/schema\/logo\/image\/"},"sameAs":["https:\/\/www.facebook.com\/share\/r\/15et6XLyN1\/","https:\/\/www.instagram.com\/studioelizarojas\/","https:\/\/www.tiktok.com\/@studioelizarojas"],"description":"At Eliza Rojas Studio, we not only design personalized strategies for your business to grow and stand out in the market, we are also a creative studio dedicated to developing unique products that inspire and connect.","email":"info@studioelizarojas.com","telephone":"04125978662","legalName":"Eliza Rojas Studio","foundingDate":"2017-09-23","vatID":"27725861-0","numberOfEmployees":{"@type":"QuantitativeValue","minValue":"1","maxValue":"10"},"publishingPrinciples":"https:\/\/studioelizarojas.com\/","actionableFeedbackPolicy":"https:\/\/studioelizarojas.com\/shop\/"}]}},"_links":{"self":[{"href":"https:\/\/studioelizarojas.com\/en\/wp-json\/wp\/v2\/pages\/1747","targetHints":{"allow":["GET"]}}],"collection":[{"href":"https:\/\/studioelizarojas.com\/en\/wp-json\/wp\/v2\/pages"}],"about":[{"href":"https:\/\/studioelizarojas.com\/en\/wp-json\/wp\/v2\/types\/page"}],"author":[{"embeddable":true,"href":"https:\/\/studioelizarojas.com\/en\/wp-json\/wp\/v2\/users\/1"}],"replies":[{"embeddable":true,"href":"https:\/\/studioelizarojas.com\/en\/wp-json\/wp\/v2\/comments?post=1747"}],"version-history":[{"count":17,"href":"https:\/\/studioelizarojas.com\/en\/wp-json\/wp\/v2\/pages\/1747\/revisions"}],"predecessor-version":[{"id":2251,"href":"https:\/\/studioelizarojas.com\/en\/wp-json\/wp\/v2\/pages\/1747\/revisions\/2251"}],"wp:attachment":[{"href":"https:\/\/studioelizarojas.com\/en\/wp-json\/wp\/v2\/media?parent=1747"}],"curies":[{"name":"wp","href":"https:\/\/api.w.org\/{rel}","templated":true}]}}